{"id":1464,"date":"2025-05-19T20:32:31","date_gmt":"2025-05-19T20:32:31","guid":{"rendered":"https:\/\/viljestendesign.se\/?page_id=1464"},"modified":"2025-06-11T16:34:47","modified_gmt":"2025-06-11T16:34:47","slug":"1960-talet","status":"publish","type":"page","link":"https:\/\/viljestendesign.se\/sv\/1960-talet\/","title":{"rendered":"1960-talet"},"content":{"rendered":"<div data-elementor-type=\"wp-page\" data-elementor-id=\"1464\" class=\"elementor elementor-1464\" data-elementor-post-type=\"page\">\n\t\t\t\t<div class=\"elementor-element elementor-element-56a8788 e-flex e-con-boxed e-con e-parent\" data-id=\"56a8788\" data-element_type=\"container\" data-e-type=\"container\" data-settings=\"{&quot;background_background&quot;:&quot;classic&quot;}\">\n\t\t\t\t\t<div class=\"e-con-inner\">\n\t\t<div class=\"elementor-element elementor-element-f811489 e-con-full e-flex e-con e-child\" data-id=\"f811489\" data-element_type=\"container\" data-e-type=\"container\" data-settings=\"{&quot;background_background&quot;:&quot;classic&quot;}\">\n\t\t<div class=\"elementor-element elementor-element-1f09f36 e-con-full e-flex e-con e-child\" data-id=\"1f09f36\" data-element_type=\"container\" data-e-type=\"container\" data-settings=\"{&quot;background_background&quot;:&quot;classic&quot;}\">\n\t\t\t\t<\/div>\n\t\t\t\t<\/div>\n\t\t\t\t\t<\/div>\n\t\t\t\t<\/div>\n\t\t<div class=\"elementor-element elementor-element-cecd984 e-flex e-con-boxed e-con e-parent\" data-id=\"cecd984\" data-element_type=\"container\" data-e-type=\"container\" data-settings=\"{&quot;background_background&quot;:&quot;classic&quot;}\">\n\t\t\t\t\t<div class=\"e-con-inner\">\n\t\t<div class=\"elementor-element elementor-element-e101762 e-con-full e-flex e-con e-child\" data-id=\"e101762\" data-element_type=\"container\" data-e-type=\"container\">\n\t\t<div class=\"elementor-element elementor-element-53aae0f e-con-full e-flex e-con e-child\" data-id=\"53aae0f\" data-element_type=\"container\" data-e-type=\"container\" data-settings=\"{&quot;background_background&quot;:&quot;classic&quot;}\">\n\t\t\t\t<div class=\"elementor-element elementor-element-c0a28ce elementor-invisible elementor-widget elementor-widget-heading\" data-id=\"c0a28ce\" data-element_type=\"widget\" data-e-type=\"widget\" data-settings=\"{&quot;_animation&quot;:&quot;fadeInDown&quot;}\" data-widget_type=\"heading.default\">\n\t\t\t\t<div class=\"elementor-widget-container\">\n\t\t\t\t\t<h2 class=\"elementor-heading-title elementor-size-default\">1960-talet<\/h2>\t\t\t\t<\/div>\n\t\t\t\t<\/div>\n\t\t\t\t<div class=\"elementor-element elementor-element-75b6e2f elementor-widget elementor-widget-text-editor\" data-id=\"75b6e2f\" data-element_type=\"widget\" data-e-type=\"widget\" data-widget_type=\"text-editor.default\">\n\t\t\t\t<div class=\"elementor-widget-container\">\n\t\t\t\t\t\t\t\t\t<p>Jag startade med en 2-\u00e5rig utbildning i atelj\u00e9s\u00f6mnad. Direkt efter gick jag en v\u00e4vkurs hos textilkonstn\u00e4r Britta Grahn. Arbetade som s\u00f6mmerska p\u00e5 \u00e4ndringsatelj\u00e9. Sedan anst\u00e4llning p\u00e5 skr\u00e4dderiet Mobrand &amp; Ehrenfreid AB d\u00e4r jag sydde allt fr\u00e5n herrkostymer till Ozelot fodrade Kashmirkappor. Gick vidare och anst\u00e4lldes hos designern Jane Wickstr\u00f6m. (kappan p\u00e5 bilden intill, hade jag p\u00e5 mig n\u00e4r jag s\u00f6kte jobbet) Jane var en av 60-talets framst\u00e5ende designer som samarbetade med namnkunniga Sixten Herg\u00e5rd, Tippan Norden, Cari Bengtsson, Lars Knutson Gul och Bl\u00e5. Hos Jane Wickstr\u00f6m sydde jag provmodeller som sedan tillverkades p\u00e5 syfabrik. Slutet av 60-talet \u00f6ppnade jag egen butik, och tillverkade modeller som kunden fick m\u00e5ttbest\u00e4lla.<\/p>\t\t\t\t\t\t\t\t<\/div>\n\t\t\t\t<\/div>\n\t\t\t\t<\/div>\n\t\t\t\t<\/div>\n\t\t<div class=\"elementor-element elementor-element-05590ad e-con-full e-flex e-con e-child\" data-id=\"05590ad\" data-element_type=\"container\" data-e-type=\"container\" data-settings=\"{&quot;background_background&quot;:&quot;classic&quot;}\">\n\t\t\t\t<\/div>\n\t\t\t\t\t<\/div>\n\t\t\t\t<\/div>\n\t\t\t\t<\/div>","protected":false},"excerpt":{"rendered":"<p>1960-talet Jag startade med en 2-\u00e5rig utbildning i atelj\u00e9s\u00f6mnad. Direkt efter gick jag en v\u00e4vkurs hos textilkonstn\u00e4r Britta Grahn. Arbetade [&hellip;]<\/p>","protected":false},"author":1,"featured_media":0,"parent":0,"menu_order":0,"comment_status":"closed","ping_status":"closed","template":"elementor_header_footer","meta":{"site-sidebar-layout":"default","site-content-layout":"","ast-site-content-layout":"default","site-content-style":"default","site-sidebar-style":"default","ast-global-header-display":"","ast-banner-title-visibility":"","ast-main-header-display":"","ast-hfb-above-header-display":"","ast-hfb-below-header-display":"","ast-hfb-mobile-header-display":"","site-post-title":"","ast-breadcrumbs-content":"","ast-featured-img":"","footer-sml-layout":"","ast-disable-related-posts":"","theme-transparent-header-meta":"","adv-header-id-meta":"","stick-header-meta":"","header-above-stick-meta":"","header-main-stick-meta":"","header-below-stick-meta":"","astra-migrate-meta-layouts":"default","ast-page-background-enabled":"default","ast-page-background-meta":{"desktop":{"background-color":"var(--ast-global-color-5)","background-image":"","background-repeat":"repeat","background-position":"center center","background-size":"auto","background-attachment":"scroll","background-type":"","background-media":"","overlay-type":"","overlay-color":"","overlay-opacity":"","overlay-gradient":""},"tablet":{"background-color":"","background-image":"","background-repeat":"repeat","background-position":"center center","background-size":"auto","background-attachment":"scroll","background-type":"","background-media":"","overlay-type":"","overlay-color":"","overlay-opacity":"","overlay-gradient":""},"mobile":{"background-color":"","background-image":"","background-repeat":"repeat","background-position":"center center","background-size":"auto","background-attachment":"scroll","background-type":"","background-media":"","overlay-type":"","overlay-color":"","overlay-opacity":"","overlay-gradient":""}},"ast-content-background-meta":{"desktop":{"background-color":"var(--ast-global-color-4)","background-image":"","background-repeat":"repeat","background-position":"center center","background-size":"auto","background-attachment":"scroll","background-type":"","background-media":"","overlay-type":"","overlay-color":"","overlay-opacity":"","overlay-gradient":""},"tablet":{"background-color":"var(--ast-global-color-4)","background-image":"","background-repeat":"repeat","background-position":"center center","background-size":"auto","background-attachment":"scroll","background-type":"","background-media":"","overlay-type":"","overlay-color":"","overlay-opacity":"","overlay-gradient":""},"mobile":{"background-color":"var(--ast-global-color-4)","background-image":"","background-repeat":"repeat","background-position":"center center","background-size":"auto","background-attachment":"scroll","background-type":"","background-media":"","overlay-type":"","overlay-color":"","overlay-opacity":"","overlay-gradient":""}},"footnotes":""},"class_list":["post-1464","page","type-page","status-publish","hentry"],"yoast_head":"<!-- This site is optimized with the Yoast SEO plugin v27.4 - https:\/\/yoast.com\/product\/yoast-seo-wordpress\/ -->\n<title>1960-talet - Viljestendesign<\/title>\n<meta name=\"description\" content=\"1960-talet. Jag startade med en 2-\u00e5rig utbildning i atelj\u00e9s\u00f6mnad. Slutet av 60-talet \u00f6ppnade jag egen butik, och tillverkade modeller som kunden fick m\u00e5ttbest\u00e4lla.\" \/>\n<meta name=\"robots\" content=\"index, follow, max-snippet:-1, max-image-preview:large, max-video-preview:-1\" \/>\n<link rel=\"canonical\" href=\"https:\/\/viljestendesign.se\/sv\/1960-talet\/\" \/>\n<meta property=\"og:locale\" content=\"sv_SE\" \/>\n<meta property=\"og:type\" content=\"article\" \/>\n<meta property=\"og:title\" content=\"1960-talet - Viljestendesign\" \/>\n<meta property=\"og:description\" content=\"1960-talet. Jag startade med en 2-\u00e5rig utbildning i atelj\u00e9s\u00f6mnad. Slutet av 60-talet \u00f6ppnade jag egen butik, och tillverkade modeller som kunden fick m\u00e5ttbest\u00e4lla.\" \/>\n<meta property=\"og:url\" content=\"https:\/\/viljestendesign.se\/sv\/1960-talet\/\" \/>\n<meta property=\"og:site_name\" content=\"Viljestendesign\" \/>\n<meta property=\"article:publisher\" content=\"https:\/\/www.facebook.com\/lilleliana.viljesten\/\" \/>\n<meta property=\"article:modified_time\" content=\"2025-06-11T16:34:47+00:00\" \/>\n<meta name=\"twitter:card\" content=\"summary_large_image\" \/>\n<meta name=\"twitter:label1\" content=\"Ber\u00e4knad l\u00e4stid\" \/>\n\t<meta name=\"twitter:data1\" content=\"1 minut\" \/>\n<script type=\"application\/ld+json\" class=\"yoast-schema-graph\">{\"@context\":\"https:\\\/\\\/schema.org\",\"@graph\":[{\"@type\":\"WebPage\",\"@id\":\"https:\\\/\\\/viljestendesign.se\\\/1960-talet\\\/\",\"url\":\"https:\\\/\\\/viljestendesign.se\\\/1960-talet\\\/\",\"name\":\"1960-talet - Viljestendesign\",\"isPartOf\":{\"@id\":\"https:\\\/\\\/viljestendesign.se\\\/#website\"},\"datePublished\":\"2025-05-19T20:32:31+00:00\",\"dateModified\":\"2025-06-11T16:34:47+00:00\",\"description\":\"1960-talet. Jag startade med en 2-\u00e5rig utbildning i atelj\u00e9s\u00f6mnad. Slutet av 60-talet \u00f6ppnade jag egen butik, och tillverkade modeller som kunden fick m\u00e5ttbest\u00e4lla.\",\"breadcrumb\":{\"@id\":\"https:\\\/\\\/viljestendesign.se\\\/1960-talet\\\/#breadcrumb\"},\"inLanguage\":\"sv-SE\",\"potentialAction\":[{\"@type\":\"ReadAction\",\"target\":[\"https:\\\/\\\/viljestendesign.se\\\/1960-talet\\\/\"]}]},{\"@type\":\"BreadcrumbList\",\"@id\":\"https:\\\/\\\/viljestendesign.se\\\/1960-talet\\\/#breadcrumb\",\"itemListElement\":[{\"@type\":\"ListItem\",\"position\":1,\"name\":\"Home\",\"item\":\"https:\\\/\\\/viljestendesign.se\\\/\"},{\"@type\":\"ListItem\",\"position\":2,\"name\":\"1960-talet\"}]},{\"@type\":\"WebSite\",\"@id\":\"https:\\\/\\\/viljestendesign.se\\\/#website\",\"url\":\"https:\\\/\\\/viljestendesign.se\\\/\",\"name\":\"Viljestendesign\",\"description\":\"\",\"publisher\":{\"@id\":\"https:\\\/\\\/viljestendesign.se\\\/#organization\"},\"potentialAction\":[{\"@type\":\"SearchAction\",\"target\":{\"@type\":\"EntryPoint\",\"urlTemplate\":\"https:\\\/\\\/viljestendesign.se\\\/?s={search_term_string}\"},\"query-input\":{\"@type\":\"PropertyValueSpecification\",\"valueRequired\":true,\"valueName\":\"search_term_string\"}}],\"inLanguage\":\"sv-SE\"},{\"@type\":\"Organization\",\"@id\":\"https:\\\/\\\/viljestendesign.se\\\/#organization\",\"name\":\"Viljestendesign\",\"url\":\"https:\\\/\\\/viljestendesign.se\\\/\",\"logo\":{\"@type\":\"ImageObject\",\"inLanguage\":\"sv-SE\",\"@id\":\"https:\\\/\\\/viljestendesign.se\\\/#\\\/schema\\\/logo\\\/image\\\/\",\"url\":\"https:\\\/\\\/viljestendesign.se\\\/wp-content\\\/uploads\\\/2025\\\/02\\\/Viljesten-500-x-200-px-1.png\",\"contentUrl\":\"https:\\\/\\\/viljestendesign.se\\\/wp-content\\\/uploads\\\/2025\\\/02\\\/Viljesten-500-x-200-px-1.png\",\"width\":500,\"height\":200,\"caption\":\"Viljestendesign\"},\"image\":{\"@id\":\"https:\\\/\\\/viljestendesign.se\\\/#\\\/schema\\\/logo\\\/image\\\/\"},\"sameAs\":[\"https:\\\/\\\/www.facebook.com\\\/lilleliana.viljesten\\\/\",\"https:\\\/\\\/www.instagram.com\\\/viljesten\\\/\"]}]}<\/script>\n<!-- \/ Yoast SEO plugin. -->","yoast_head_json":{"title":"1960-talet - Viljestendesign","description":"1960-talet. Jag startade med en 2-\u00e5rig utbildning i atelj\u00e9s\u00f6mnad. Slutet av 60-talet \u00f6ppnade jag egen butik, och tillverkade modeller som kunden fick m\u00e5ttbest\u00e4lla.","robots":{"index":"index","follow":"follow","max-snippet":"max-snippet:-1","max-image-preview":"max-image-preview:large","max-video-preview":"max-video-preview:-1"},"canonical":"https:\/\/viljestendesign.se\/sv\/1960-talet\/","og_locale":"sv_SE","og_type":"article","og_title":"1960-talet - Viljestendesign","og_description":"1960-talet. Jag startade med en 2-\u00e5rig utbildning i atelj\u00e9s\u00f6mnad. Slutet av 60-talet \u00f6ppnade jag egen butik, och tillverkade modeller som kunden fick m\u00e5ttbest\u00e4lla.","og_url":"https:\/\/viljestendesign.se\/sv\/1960-talet\/","og_site_name":"Viljestendesign","article_publisher":"https:\/\/www.facebook.com\/lilleliana.viljesten\/","article_modified_time":"2025-06-11T16:34:47+00:00","twitter_card":"summary_large_image","twitter_misc":{"Ber\u00e4knad l\u00e4stid":"1 minut"},"schema":{"@context":"https:\/\/schema.org","@graph":[{"@type":"WebPage","@id":"https:\/\/viljestendesign.se\/1960-talet\/","url":"https:\/\/viljestendesign.se\/1960-talet\/","name":"1960-talet - Viljestendesign","isPartOf":{"@id":"https:\/\/viljestendesign.se\/#website"},"datePublished":"2025-05-19T20:32:31+00:00","dateModified":"2025-06-11T16:34:47+00:00","description":"1960-talet. Jag startade med en 2-\u00e5rig utbildning i atelj\u00e9s\u00f6mnad. Slutet av 60-talet \u00f6ppnade jag egen butik, och tillverkade modeller som kunden fick m\u00e5ttbest\u00e4lla.","breadcrumb":{"@id":"https:\/\/viljestendesign.se\/1960-talet\/#breadcrumb"},"inLanguage":"sv-SE","potentialAction":[{"@type":"ReadAction","target":["https:\/\/viljestendesign.se\/1960-talet\/"]}]},{"@type":"BreadcrumbList","@id":"https:\/\/viljestendesign.se\/1960-talet\/#breadcrumb","itemListElement":[{"@type":"ListItem","position":1,"name":"Home","item":"https:\/\/viljestendesign.se\/"},{"@type":"ListItem","position":2,"name":"1960-talet"}]},{"@type":"WebSite","@id":"https:\/\/viljestendesign.se\/#website","url":"https:\/\/viljestendesign.se\/","name":"Viljestendesign","description":"","publisher":{"@id":"https:\/\/viljestendesign.se\/#organization"},"potentialAction":[{"@type":"SearchAction","target":{"@type":"EntryPoint","urlTemplate":"https:\/\/viljestendesign.se\/?s={search_term_string}"},"query-input":{"@type":"PropertyValueSpecification","valueRequired":true,"valueName":"search_term_string"}}],"inLanguage":"sv-SE"},{"@type":"Organization","@id":"https:\/\/viljestendesign.se\/#organization","name":"Viljestendesign","url":"https:\/\/viljestendesign.se\/","logo":{"@type":"ImageObject","inLanguage":"sv-SE","@id":"https:\/\/viljestendesign.se\/#\/schema\/logo\/image\/","url":"https:\/\/viljestendesign.se\/wp-content\/uploads\/2025\/02\/Viljesten-500-x-200-px-1.png","contentUrl":"https:\/\/viljestendesign.se\/wp-content\/uploads\/2025\/02\/Viljesten-500-x-200-px-1.png","width":500,"height":200,"caption":"Viljestendesign"},"image":{"@id":"https:\/\/viljestendesign.se\/#\/schema\/logo\/image\/"},"sameAs":["https:\/\/www.facebook.com\/lilleliana.viljesten\/","https:\/\/www.instagram.com\/viljesten\/"]}]}},"_links":{"self":[{"href":"https:\/\/viljestendesign.se\/sv\/wp-json\/wp\/v2\/pages\/1464","targetHints":{"allow":["GET"]}}],"collection":[{"href":"https:\/\/viljestendesign.se\/sv\/wp-json\/wp\/v2\/pages"}],"about":[{"href":"https:\/\/viljestendesign.se\/sv\/wp-json\/wp\/v2\/types\/page"}],"author":[{"embeddable":true,"href":"https:\/\/viljestendesign.se\/sv\/wp-json\/wp\/v2\/users\/1"}],"replies":[{"embeddable":true,"href":"https:\/\/viljestendesign.se\/sv\/wp-json\/wp\/v2\/comments?post=1464"}],"version-history":[{"count":65,"href":"https:\/\/viljestendesign.se\/sv\/wp-json\/wp\/v2\/pages\/1464\/revisions"}],"predecessor-version":[{"id":2657,"href":"https:\/\/viljestendesign.se\/sv\/wp-json\/wp\/v2\/pages\/1464\/revisions\/2657"}],"wp:attachment":[{"href":"https:\/\/viljestendesign.se\/sv\/wp-json\/wp\/v2\/media?parent=1464"}],"curies":[{"name":"wp","href":"https:\/\/api.w.org\/{rel}","templated":true}]}}