{"id":1466,"date":"2025-05-19T20:32:52","date_gmt":"2025-05-19T20:32:52","guid":{"rendered":"https:\/\/viljestendesign.se\/?page_id=1466"},"modified":"2025-06-11T16:34:24","modified_gmt":"2025-06-11T16:34:24","slug":"1970-talet","status":"publish","type":"page","link":"https:\/\/viljestendesign.se\/sv\/1970-talet\/","title":{"rendered":"1970-talet"},"content":{"rendered":"<div data-elementor-type=\"wp-page\" data-elementor-id=\"1466\" class=\"elementor elementor-1466\" data-elementor-post-type=\"page\">\n\t\t\t\t<div class=\"elementor-element elementor-element-856ed33 e-flex e-con-boxed e-con e-parent\" data-id=\"856ed33\" data-element_type=\"container\" data-e-type=\"container\" data-settings=\"{&quot;background_background&quot;:&quot;classic&quot;}\">\n\t\t\t\t\t<div class=\"e-con-inner\">\n\t\t<div class=\"elementor-element elementor-element-8610863 e-con-full e-flex e-con e-child\" data-id=\"8610863\" data-element_type=\"container\" data-e-type=\"container\" data-settings=\"{&quot;background_background&quot;:&quot;classic&quot;}\">\n\t\t<div class=\"elementor-element elementor-element-4a5ab69 e-con-full e-flex e-con e-child\" data-id=\"4a5ab69\" data-element_type=\"container\" data-e-type=\"container\" data-settings=\"{&quot;background_background&quot;:&quot;classic&quot;}\">\n\t\t\t\t<\/div>\n\t\t\t\t<\/div>\n\t\t\t\t\t<\/div>\n\t\t\t\t<\/div>\n\t\t<div class=\"elementor-element elementor-element-294c64c e-flex e-con-boxed e-con e-parent\" data-id=\"294c64c\" data-element_type=\"container\" data-e-type=\"container\" data-settings=\"{&quot;background_background&quot;:&quot;classic&quot;}\">\n\t\t\t\t\t<div class=\"e-con-inner\">\n\t\t<div class=\"elementor-element elementor-element-bfd9543 e-con-full e-flex e-con e-child\" data-id=\"bfd9543\" data-element_type=\"container\" data-e-type=\"container\">\n\t\t<div class=\"elementor-element elementor-element-14cb5b0 e-con-full e-flex e-con e-child\" data-id=\"14cb5b0\" data-element_type=\"container\" data-e-type=\"container\" data-settings=\"{&quot;background_background&quot;:&quot;classic&quot;}\">\n\t\t\t\t<div class=\"elementor-element elementor-element-b20db26 elementor-widget elementor-widget-text-editor\" data-id=\"b20db26\" data-element_type=\"widget\" data-e-type=\"widget\" data-widget_type=\"text-editor.default\">\n\t\t\t\t<div class=\"elementor-widget-container\">\n\t\t\t\t\t\t\t\t\t<p>\u00d6ppnade butik Kajsa. Uppl\u00e4gget var detsamma som tidigare, sydde modeller som kunden kunde m\u00e5ttbest\u00e4lla. Startade butik Handelsboden, med ett sortiment som bestod av tyger, sybeh\u00f6r, garner, barnkl\u00e4der, som jag tillverkade med hj\u00e4lp av l\u00f6ns\u00f6mmare. Och \u00e4ven d\u00e5 ut\u00f6vade jag best\u00e4llningss\u00f6mnad. Fem anst\u00e4llda. Jag b\u00f6rjade min utbildning p\u00e5 Textilh\u00f6gskolan som produktutvecklare \/ industridesigner 1974 \u2013 1975 inom tekoindustrin. Anst\u00e4lldes som designer p\u00e5 ett trik\u00e5f\u00f6retag Timson, arbetade p\u00e5 distans. Hela kollektionen s\u00e5ldes in till Hennes &amp; Mauritz. Arbetade samtidigt halvtid som textill\u00e4rare p\u00e5 h\u00f6gstadiet.<\/p>\t\t\t\t\t\t\t\t<\/div>\n\t\t\t\t<\/div>\n\t\t\t\t<\/div>\n\t\t\t\t<\/div>\n\t\t<div class=\"elementor-element elementor-element-4a2ea8d e-con-full e-flex e-con e-child\" data-id=\"4a2ea8d\" data-element_type=\"container\" data-e-type=\"container\" data-settings=\"{&quot;background_background&quot;:&quot;classic&quot;}\">\n\t\t\t\t<\/div>\n\t\t\t\t\t<\/div>\n\t\t\t\t<\/div>\n\t\t\t\t<\/div>","protected":false},"excerpt":{"rendered":"<p>\u00d6ppnade butik Kajsa. Uppl\u00e4gget var detsamma som tidigare, sydde modeller som kunden kunde m\u00e5ttbest\u00e4lla. Startade butik Handelsboden, med ett sortiment [&hellip;]<\/p>","protected":false},"author":1,"featured_media":0,"parent":0,"menu_order":0,"comment_status":"closed","ping_status":"closed","template":"elementor_header_footer","meta":{"site-sidebar-layout":"default","site-content-layout":"","ast-site-content-layout":"default","site-content-style":"default","site-sidebar-style":"default","ast-global-header-display":"","ast-banner-title-visibility":"","ast-main-header-display":"","ast-hfb-above-header-display":"","ast-hfb-below-header-display":"","ast-hfb-mobile-header-display":"","site-post-title":"","ast-breadcrumbs-content":"","ast-featured-img":"","footer-sml-layout":"","ast-disable-related-posts":"","theme-transparent-header-meta":"","adv-header-id-meta":"","stick-header-meta":"","header-above-stick-meta":"","header-main-stick-meta":"","header-below-stick-meta":"","astra-migrate-meta-layouts":"default","ast-page-background-enabled":"default","ast-page-background-meta":{"desktop":{"background-color":"var(--ast-global-color-5)","background-image":"","background-repeat":"repeat","background-position":"center center","background-size":"auto","background-attachment":"scroll","background-type":"","background-media":"","overlay-type":"","overlay-color":"","overlay-opacity":"","overlay-gradient":""},"tablet":{"background-color":"","background-image":"","background-repeat":"repeat","background-position":"center center","background-size":"auto","background-attachment":"scroll","background-type":"","background-media":"","overlay-type":"","overlay-color":"","overlay-opacity":"","overlay-gradient":""},"mobile":{"background-color":"","background-image":"","background-repeat":"repeat","background-position":"center center","background-size":"auto","background-attachment":"scroll","background-type":"","background-media":"","overlay-type":"","overlay-color":"","overlay-opacity":"","overlay-gradient":""}},"ast-content-background-meta":{"desktop":{"background-color":"var(--ast-global-color-4)","background-image":"","background-repeat":"repeat","background-position":"center center","background-size":"auto","background-attachment":"scroll","background-type":"","background-media":"","overlay-type":"","overlay-color":"","overlay-opacity":"","overlay-gradient":""},"tablet":{"background-color":"var(--ast-global-color-4)","background-image":"","background-repeat":"repeat","background-position":"center center","background-size":"auto","background-attachment":"scroll","background-type":"","background-media":"","overlay-type":"","overlay-color":"","overlay-opacity":"","overlay-gradient":""},"mobile":{"background-color":"var(--ast-global-color-4)","background-image":"","background-repeat":"repeat","background-position":"center center","background-size":"auto","background-attachment":"scroll","background-type":"","background-media":"","overlay-type":"","overlay-color":"","overlay-opacity":"","overlay-gradient":""}},"footnotes":""},"class_list":["post-1466","page","type-page","status-publish","hentry"],"yoast_head":"<!-- This site is optimized with the Yoast SEO plugin v27.4 - https:\/\/yoast.com\/product\/yoast-seo-wordpress\/ -->\n<title>1970-talet - Viljestendesign<\/title>\n<meta name=\"description\" content=\"1970-talet. \u00d6ppnade butik Kajsa. Uppl\u00e4gget var detsamma som tidigare, sydde modeller som kunden kunde m\u00e5ttbest\u00e4lla.\" \/>\n<meta name=\"robots\" content=\"index, follow, max-snippet:-1, max-image-preview:large, max-video-preview:-1\" \/>\n<link rel=\"canonical\" href=\"https:\/\/viljestendesign.se\/sv\/1970-talet\/\" \/>\n<meta property=\"og:locale\" content=\"sv_SE\" \/>\n<meta property=\"og:type\" content=\"article\" \/>\n<meta property=\"og:title\" content=\"1970-talet - Viljestendesign\" \/>\n<meta property=\"og:description\" content=\"1970-talet. \u00d6ppnade butik Kajsa. Uppl\u00e4gget var detsamma som tidigare, sydde modeller som kunden kunde m\u00e5ttbest\u00e4lla.\" \/>\n<meta property=\"og:url\" content=\"https:\/\/viljestendesign.se\/sv\/1970-talet\/\" \/>\n<meta property=\"og:site_name\" content=\"Viljestendesign\" \/>\n<meta property=\"article:publisher\" content=\"https:\/\/www.facebook.com\/lilleliana.viljesten\/\" \/>\n<meta property=\"article:modified_time\" content=\"2025-06-11T16:34:24+00:00\" \/>\n<meta name=\"twitter:card\" content=\"summary_large_image\" \/>\n<meta name=\"twitter:label1\" content=\"Ber\u00e4knad l\u00e4stid\" \/>\n\t<meta name=\"twitter:data1\" content=\"1 minut\" \/>\n<script type=\"application\/ld+json\" class=\"yoast-schema-graph\">{\"@context\":\"https:\\\/\\\/schema.org\",\"@graph\":[{\"@type\":\"WebPage\",\"@id\":\"https:\\\/\\\/viljestendesign.se\\\/1970-talet\\\/\",\"url\":\"https:\\\/\\\/viljestendesign.se\\\/1970-talet\\\/\",\"name\":\"1970-talet - Viljestendesign\",\"isPartOf\":{\"@id\":\"https:\\\/\\\/viljestendesign.se\\\/#website\"},\"datePublished\":\"2025-05-19T20:32:52+00:00\",\"dateModified\":\"2025-06-11T16:34:24+00:00\",\"description\":\"1970-talet. \u00d6ppnade butik Kajsa. Uppl\u00e4gget var detsamma som tidigare, sydde modeller som kunden kunde m\u00e5ttbest\u00e4lla.\",\"breadcrumb\":{\"@id\":\"https:\\\/\\\/viljestendesign.se\\\/1970-talet\\\/#breadcrumb\"},\"inLanguage\":\"sv-SE\",\"potentialAction\":[{\"@type\":\"ReadAction\",\"target\":[\"https:\\\/\\\/viljestendesign.se\\\/1970-talet\\\/\"]}]},{\"@type\":\"BreadcrumbList\",\"@id\":\"https:\\\/\\\/viljestendesign.se\\\/1970-talet\\\/#breadcrumb\",\"itemListElement\":[{\"@type\":\"ListItem\",\"position\":1,\"name\":\"Home\",\"item\":\"https:\\\/\\\/viljestendesign.se\\\/\"},{\"@type\":\"ListItem\",\"position\":2,\"name\":\"1970-talet\"}]},{\"@type\":\"WebSite\",\"@id\":\"https:\\\/\\\/viljestendesign.se\\\/#website\",\"url\":\"https:\\\/\\\/viljestendesign.se\\\/\",\"name\":\"Viljestendesign\",\"description\":\"\",\"publisher\":{\"@id\":\"https:\\\/\\\/viljestendesign.se\\\/#organization\"},\"potentialAction\":[{\"@type\":\"SearchAction\",\"target\":{\"@type\":\"EntryPoint\",\"urlTemplate\":\"https:\\\/\\\/viljestendesign.se\\\/?s={search_term_string}\"},\"query-input\":{\"@type\":\"PropertyValueSpecification\",\"valueRequired\":true,\"valueName\":\"search_term_string\"}}],\"inLanguage\":\"sv-SE\"},{\"@type\":\"Organization\",\"@id\":\"https:\\\/\\\/viljestendesign.se\\\/#organization\",\"name\":\"Viljestendesign\",\"url\":\"https:\\\/\\\/viljestendesign.se\\\/\",\"logo\":{\"@type\":\"ImageObject\",\"inLanguage\":\"sv-SE\",\"@id\":\"https:\\\/\\\/viljestendesign.se\\\/#\\\/schema\\\/logo\\\/image\\\/\",\"url\":\"https:\\\/\\\/viljestendesign.se\\\/wp-content\\\/uploads\\\/2025\\\/02\\\/Viljesten-500-x-200-px-1.png\",\"contentUrl\":\"https:\\\/\\\/viljestendesign.se\\\/wp-content\\\/uploads\\\/2025\\\/02\\\/Viljesten-500-x-200-px-1.png\",\"width\":500,\"height\":200,\"caption\":\"Viljestendesign\"},\"image\":{\"@id\":\"https:\\\/\\\/viljestendesign.se\\\/#\\\/schema\\\/logo\\\/image\\\/\"},\"sameAs\":[\"https:\\\/\\\/www.facebook.com\\\/lilleliana.viljesten\\\/\",\"https:\\\/\\\/www.instagram.com\\\/viljesten\\\/\"]}]}<\/script>\n<!-- \/ Yoast SEO plugin. -->","yoast_head_json":{"title":"1970-talet - Viljestendesign","description":"1970-talet. \u00d6ppnade butik Kajsa. Uppl\u00e4gget var detsamma som tidigare, sydde modeller som kunden kunde m\u00e5ttbest\u00e4lla.","robots":{"index":"index","follow":"follow","max-snippet":"max-snippet:-1","max-image-preview":"max-image-preview:large","max-video-preview":"max-video-preview:-1"},"canonical":"https:\/\/viljestendesign.se\/sv\/1970-talet\/","og_locale":"sv_SE","og_type":"article","og_title":"1970-talet - Viljestendesign","og_description":"1970-talet. \u00d6ppnade butik Kajsa. Uppl\u00e4gget var detsamma som tidigare, sydde modeller som kunden kunde m\u00e5ttbest\u00e4lla.","og_url":"https:\/\/viljestendesign.se\/sv\/1970-talet\/","og_site_name":"Viljestendesign","article_publisher":"https:\/\/www.facebook.com\/lilleliana.viljesten\/","article_modified_time":"2025-06-11T16:34:24+00:00","twitter_card":"summary_large_image","twitter_misc":{"Ber\u00e4knad l\u00e4stid":"1 minut"},"schema":{"@context":"https:\/\/schema.org","@graph":[{"@type":"WebPage","@id":"https:\/\/viljestendesign.se\/1970-talet\/","url":"https:\/\/viljestendesign.se\/1970-talet\/","name":"1970-talet - Viljestendesign","isPartOf":{"@id":"https:\/\/viljestendesign.se\/#website"},"datePublished":"2025-05-19T20:32:52+00:00","dateModified":"2025-06-11T16:34:24+00:00","description":"1970-talet. \u00d6ppnade butik Kajsa. Uppl\u00e4gget var detsamma som tidigare, sydde modeller som kunden kunde m\u00e5ttbest\u00e4lla.","breadcrumb":{"@id":"https:\/\/viljestendesign.se\/1970-talet\/#breadcrumb"},"inLanguage":"sv-SE","potentialAction":[{"@type":"ReadAction","target":["https:\/\/viljestendesign.se\/1970-talet\/"]}]},{"@type":"BreadcrumbList","@id":"https:\/\/viljestendesign.se\/1970-talet\/#breadcrumb","itemListElement":[{"@type":"ListItem","position":1,"name":"Home","item":"https:\/\/viljestendesign.se\/"},{"@type":"ListItem","position":2,"name":"1970-talet"}]},{"@type":"WebSite","@id":"https:\/\/viljestendesign.se\/#website","url":"https:\/\/viljestendesign.se\/","name":"Viljestendesign","description":"","publisher":{"@id":"https:\/\/viljestendesign.se\/#organization"},"potentialAction":[{"@type":"SearchAction","target":{"@type":"EntryPoint","urlTemplate":"https:\/\/viljestendesign.se\/?s={search_term_string}"},"query-input":{"@type":"PropertyValueSpecification","valueRequired":true,"valueName":"search_term_string"}}],"inLanguage":"sv-SE"},{"@type":"Organization","@id":"https:\/\/viljestendesign.se\/#organization","name":"Viljestendesign","url":"https:\/\/viljestendesign.se\/","logo":{"@type":"ImageObject","inLanguage":"sv-SE","@id":"https:\/\/viljestendesign.se\/#\/schema\/logo\/image\/","url":"https:\/\/viljestendesign.se\/wp-content\/uploads\/2025\/02\/Viljesten-500-x-200-px-1.png","contentUrl":"https:\/\/viljestendesign.se\/wp-content\/uploads\/2025\/02\/Viljesten-500-x-200-px-1.png","width":500,"height":200,"caption":"Viljestendesign"},"image":{"@id":"https:\/\/viljestendesign.se\/#\/schema\/logo\/image\/"},"sameAs":["https:\/\/www.facebook.com\/lilleliana.viljesten\/","https:\/\/www.instagram.com\/viljesten\/"]}]}},"_links":{"self":[{"href":"https:\/\/viljestendesign.se\/sv\/wp-json\/wp\/v2\/pages\/1466","targetHints":{"allow":["GET"]}}],"collection":[{"href":"https:\/\/viljestendesign.se\/sv\/wp-json\/wp\/v2\/pages"}],"about":[{"href":"https:\/\/viljestendesign.se\/sv\/wp-json\/wp\/v2\/types\/page"}],"author":[{"embeddable":true,"href":"https:\/\/viljestendesign.se\/sv\/wp-json\/wp\/v2\/users\/1"}],"replies":[{"embeddable":true,"href":"https:\/\/viljestendesign.se\/sv\/wp-json\/wp\/v2\/comments?post=1466"}],"version-history":[{"count":41,"href":"https:\/\/viljestendesign.se\/sv\/wp-json\/wp\/v2\/pages\/1466\/revisions"}],"predecessor-version":[{"id":2654,"href":"https:\/\/viljestendesign.se\/sv\/wp-json\/wp\/v2\/pages\/1466\/revisions\/2654"}],"wp:attachment":[{"href":"https:\/\/viljestendesign.se\/sv\/wp-json\/wp\/v2\/media?parent=1466"}],"curies":[{"name":"wp","href":"https:\/\/api.w.org\/{rel}","templated":true}]}}