{"id":1468,"date":"2025-05-19T20:33:15","date_gmt":"2025-05-19T20:33:15","guid":{"rendered":"https:\/\/viljestendesign.se\/?page_id=1468"},"modified":"2025-06-11T16:36:02","modified_gmt":"2025-06-11T16:36:02","slug":"1980-talet","status":"publish","type":"page","link":"https:\/\/viljestendesign.se\/sv\/1980-talet\/","title":{"rendered":"1980-talet"},"content":{"rendered":"<div data-elementor-type=\"wp-page\" data-elementor-id=\"1468\" class=\"elementor elementor-1468\" data-elementor-post-type=\"page\">\n\t\t\t\t<div class=\"elementor-element elementor-element-50fcbfe e-flex e-con-boxed e-con e-parent\" data-id=\"50fcbfe\" data-element_type=\"container\" data-e-type=\"container\" data-settings=\"{&quot;background_background&quot;:&quot;classic&quot;}\">\n\t\t\t\t\t<div class=\"e-con-inner\">\n\t\t<div class=\"elementor-element elementor-element-8db4e78 e-con-full e-flex e-con e-child\" data-id=\"8db4e78\" data-element_type=\"container\" data-e-type=\"container\" data-settings=\"{&quot;background_background&quot;:&quot;classic&quot;}\">\n\t\t<div class=\"elementor-element elementor-element-e8ecf06 e-con-full e-flex e-con e-child\" data-id=\"e8ecf06\" data-element_type=\"container\" data-e-type=\"container\" data-settings=\"{&quot;background_background&quot;:&quot;classic&quot;}\">\n\t\t\t\t<\/div>\n\t\t\t\t<\/div>\n\t\t\t\t\t<\/div>\n\t\t\t\t<\/div>\n\t\t<div class=\"elementor-element elementor-element-98a989c e-flex e-con-boxed e-con e-parent\" data-id=\"98a989c\" data-element_type=\"container\" data-e-type=\"container\" data-settings=\"{&quot;background_background&quot;:&quot;classic&quot;}\">\n\t\t\t\t\t<div class=\"e-con-inner\">\n\t\t<div class=\"elementor-element elementor-element-3a3bce6 e-con-full e-flex e-con e-child\" data-id=\"3a3bce6\" data-element_type=\"container\" data-e-type=\"container\">\n\t\t<div class=\"elementor-element elementor-element-dc73ecf e-con-full e-flex e-con e-child\" data-id=\"dc73ecf\" data-element_type=\"container\" data-e-type=\"container\" data-settings=\"{&quot;background_background&quot;:&quot;classic&quot;}\">\n\t\t\t\t<div class=\"elementor-element elementor-element-e6ae520 elementor-invisible elementor-widget elementor-widget-heading\" data-id=\"e6ae520\" data-element_type=\"widget\" data-e-type=\"widget\" data-settings=\"{&quot;_animation&quot;:&quot;fadeInDown&quot;}\" data-widget_type=\"heading.default\">\n\t\t\t\t<div class=\"elementor-widget-container\">\n\t\t\t\t\t<h2 class=\"elementor-heading-title elementor-size-default\">1980-talet<\/h2>\t\t\t\t<\/div>\n\t\t\t\t<\/div>\n\t\t\t\t<div class=\"elementor-element elementor-element-6c6dbaa elementor-widget elementor-widget-text-editor\" data-id=\"6c6dbaa\" data-element_type=\"widget\" data-e-type=\"widget\" data-widget_type=\"text-editor.default\">\n\t\t\t\t<div class=\"elementor-widget-container\">\n\t\t\t\t\t\t\t\t\t<p>Atelj\u00e9verksamhet. Best\u00e4llningsarbeten till f\u00f6retag och privatpersoner. Exempel \u00e4r uppdrag till reklambyr\u00e5er, tillverkade profilkl\u00e4der som anv\u00e4ndes till annonskampanjer. F\u00f6retag som ville ha profilkl\u00e4der som enhetliga uniformer. Textila inredningar till b\u00e5de f\u00f6retag och privata hem. Allt fr\u00e5n gardiner, draperier, prydnadskuddar, \u00f6verkast, dukar, osv. Konstruerade fabriksm\u00f6nster \u00e5t Twilfit kl\u00e4nningskollektioner. Tillverkade \u00e4ven m\u00f6nster till Gunilla Pont\u00e9n. Anst\u00e4lldes p\u00e5 Cyndee Peters AB. Mitt uppdrag innefattade Design och produktansvar. F\u00f6retaget tillverkade damkl\u00e4der i st\u00f6rre storlekar. S\u00e5lde dem via butik, postorder, grossistverksamhet. \u00d6ppnade butik p\u00e5 Folkungagatan i Stockholm. Egen tillverkning av mitt m\u00e4rke Ess \u20131 Design. Arbetade med m\u00e5nga uttryck p\u00e5 kl\u00e4derna, applikationer, p\u00e5 textil, skinn och mocka. B\u00f6rjade med fuskp\u00e4ls som blev stort under dessa \u00e5r. F\u00f6rs\u00e4ljning b\u00e5de i butik samt grossistf\u00f6rs\u00e4ljning. Flyttade verksamheten i slutet av 80 \u2013 talet till nya lokaler i \u00d6rby Stockholm. D\u00e4r utvecklade jag verksamheten och koncentrerade mig p\u00e5 att vara producent och f\u00f6rs\u00e4ljningen skedde d\u00e5 enbart genom grossistverksamhet. Byggde en sy-fabrik med anst\u00e4llda s\u00f6mmerskor. En del av tillverkningen skedde i Lettland samt Turkiet. Modebutiker runt om i landet var mina \u00e5terf\u00f6rs\u00e4ljare. Marknadsf\u00f6ringen skedde bland annat p\u00e5 modem\u00e4ssor.<\/p>\t\t\t\t\t\t\t\t<\/div>\n\t\t\t\t<\/div>\n\t\t\t\t<\/div>\n\t\t\t\t<\/div>\n\t\t<div class=\"elementor-element elementor-element-42a2f59 e-con-full e-flex e-con e-child\" data-id=\"42a2f59\" data-element_type=\"container\" data-e-type=\"container\" data-settings=\"{&quot;background_background&quot;:&quot;classic&quot;}\">\n\t\t\t\t<\/div>\n\t\t\t\t\t<\/div>\n\t\t\t\t<\/div>\n\t\t\t\t<\/div>","protected":false},"excerpt":{"rendered":"<p>1980-talet Atelj\u00e9verksamhet. Best\u00e4llningsarbeten till f\u00f6retag och privatpersoner. Exempel \u00e4r uppdrag till reklambyr\u00e5er, tillverkade profilkl\u00e4der som anv\u00e4ndes till annonskampanjer. F\u00f6retag som [&hellip;]<\/p>","protected":false},"author":1,"featured_media":0,"parent":0,"menu_order":0,"comment_status":"closed","ping_status":"closed","template":"elementor_header_footer","meta":{"site-sidebar-layout":"default","site-content-layout":"","ast-site-content-layout":"default","site-content-style":"default","site-sidebar-style":"default","ast-global-header-display":"","ast-banner-title-visibility":"","ast-main-header-display":"","ast-hfb-above-header-display":"","ast-hfb-below-header-display":"","ast-hfb-mobile-header-display":"","site-post-title":"","ast-breadcrumbs-content":"","ast-featured-img":"","footer-sml-layout":"","ast-disable-related-posts":"","theme-transparent-header-meta":"","adv-header-id-meta":"","stick-header-meta":"","header-above-stick-meta":"","header-main-stick-meta":"","header-below-stick-meta":"","astra-migrate-meta-layouts":"default","ast-page-background-enabled":"default","ast-page-background-meta":{"desktop":{"background-color":"var(--ast-global-color-5)","background-image":"","background-repeat":"repeat","background-position":"center center","background-size":"auto","background-attachment":"scroll","background-type":"","background-media":"","overlay-type":"","overlay-color":"","overlay-opacity":"","overlay-gradient":""},"tablet":{"background-color":"","background-image":"","background-repeat":"repeat","background-position":"center center","background-size":"auto","background-attachment":"scroll","background-type":"","background-media":"","overlay-type":"","overlay-color":"","overlay-opacity":"","overlay-gradient":""},"mobile":{"background-color":"","background-image":"","background-repeat":"repeat","background-position":"center center","background-size":"auto","background-attachment":"scroll","background-type":"","background-media":"","overlay-type":"","overlay-color":"","overlay-opacity":"","overlay-gradient":""}},"ast-content-background-meta":{"desktop":{"background-color":"var(--ast-global-color-4)","background-image":"","background-repeat":"repeat","background-position":"center center","background-size":"auto","background-attachment":"scroll","background-type":"","background-media":"","overlay-type":"","overlay-color":"","overlay-opacity":"","overlay-gradient":""},"tablet":{"background-color":"var(--ast-global-color-4)","background-image":"","background-repeat":"repeat","background-position":"center center","background-size":"auto","background-attachment":"scroll","background-type":"","background-media":"","overlay-type":"","overlay-color":"","overlay-opacity":"","overlay-gradient":""},"mobile":{"background-color":"var(--ast-global-color-4)","background-image":"","background-repeat":"repeat","background-position":"center center","background-size":"auto","background-attachment":"scroll","background-type":"","background-media":"","overlay-type":"","overlay-color":"","overlay-opacity":"","overlay-gradient":""}},"footnotes":""},"class_list":["post-1468","page","type-page","status-publish","hentry"],"yoast_head":"<!-- This site is optimized with the Yoast SEO plugin v27.4 - https:\/\/yoast.com\/product\/yoast-seo-wordpress\/ -->\n<title>1980-talet - Viljestendesign<\/title>\n<meta name=\"description\" content=\"1980-talet - atelj\u00e9verksamhet, best\u00e4llningsarbeten. Exempel \u00e4r uppdrag till reklambyr\u00e5er, tillverkade profilkl\u00e4der som anv\u00e4ndes till annonskampanjer.\" \/>\n<meta name=\"robots\" content=\"index, follow, max-snippet:-1, max-image-preview:large, max-video-preview:-1\" \/>\n<link rel=\"canonical\" href=\"https:\/\/viljestendesign.se\/sv\/1980-talet\/\" \/>\n<meta property=\"og:locale\" content=\"sv_SE\" \/>\n<meta property=\"og:type\" content=\"article\" \/>\n<meta property=\"og:title\" content=\"1980-talet - Viljestendesign\" \/>\n<meta property=\"og:description\" content=\"1980-talet - atelj\u00e9verksamhet, best\u00e4llningsarbeten. Exempel \u00e4r uppdrag till reklambyr\u00e5er, tillverkade profilkl\u00e4der som anv\u00e4ndes till annonskampanjer.\" \/>\n<meta property=\"og:url\" content=\"https:\/\/viljestendesign.se\/sv\/1980-talet\/\" \/>\n<meta property=\"og:site_name\" content=\"Viljestendesign\" \/>\n<meta property=\"article:publisher\" content=\"https:\/\/www.facebook.com\/lilleliana.viljesten\/\" \/>\n<meta property=\"article:modified_time\" content=\"2025-06-11T16:36:02+00:00\" \/>\n<meta name=\"twitter:card\" content=\"summary_large_image\" \/>\n<meta name=\"twitter:label1\" content=\"Ber\u00e4knad l\u00e4stid\" \/>\n\t<meta name=\"twitter:data1\" content=\"1 minut\" \/>\n<script type=\"application\/ld+json\" class=\"yoast-schema-graph\">{\"@context\":\"https:\\\/\\\/schema.org\",\"@graph\":[{\"@type\":\"WebPage\",\"@id\":\"https:\\\/\\\/viljestendesign.se\\\/1980-talet\\\/\",\"url\":\"https:\\\/\\\/viljestendesign.se\\\/1980-talet\\\/\",\"name\":\"1980-talet - Viljestendesign\",\"isPartOf\":{\"@id\":\"https:\\\/\\\/viljestendesign.se\\\/#website\"},\"datePublished\":\"2025-05-19T20:33:15+00:00\",\"dateModified\":\"2025-06-11T16:36:02+00:00\",\"description\":\"1980-talet - atelj\u00e9verksamhet, best\u00e4llningsarbeten. Exempel \u00e4r uppdrag till reklambyr\u00e5er, tillverkade profilkl\u00e4der som anv\u00e4ndes till annonskampanjer.\",\"breadcrumb\":{\"@id\":\"https:\\\/\\\/viljestendesign.se\\\/1980-talet\\\/#breadcrumb\"},\"inLanguage\":\"sv-SE\",\"potentialAction\":[{\"@type\":\"ReadAction\",\"target\":[\"https:\\\/\\\/viljestendesign.se\\\/1980-talet\\\/\"]}]},{\"@type\":\"BreadcrumbList\",\"@id\":\"https:\\\/\\\/viljestendesign.se\\\/1980-talet\\\/#breadcrumb\",\"itemListElement\":[{\"@type\":\"ListItem\",\"position\":1,\"name\":\"Home\",\"item\":\"https:\\\/\\\/viljestendesign.se\\\/\"},{\"@type\":\"ListItem\",\"position\":2,\"name\":\"1980-talet\"}]},{\"@type\":\"WebSite\",\"@id\":\"https:\\\/\\\/viljestendesign.se\\\/#website\",\"url\":\"https:\\\/\\\/viljestendesign.se\\\/\",\"name\":\"Viljestendesign\",\"description\":\"\",\"publisher\":{\"@id\":\"https:\\\/\\\/viljestendesign.se\\\/#organization\"},\"potentialAction\":[{\"@type\":\"SearchAction\",\"target\":{\"@type\":\"EntryPoint\",\"urlTemplate\":\"https:\\\/\\\/viljestendesign.se\\\/?s={search_term_string}\"},\"query-input\":{\"@type\":\"PropertyValueSpecification\",\"valueRequired\":true,\"valueName\":\"search_term_string\"}}],\"inLanguage\":\"sv-SE\"},{\"@type\":\"Organization\",\"@id\":\"https:\\\/\\\/viljestendesign.se\\\/#organization\",\"name\":\"Viljestendesign\",\"url\":\"https:\\\/\\\/viljestendesign.se\\\/\",\"logo\":{\"@type\":\"ImageObject\",\"inLanguage\":\"sv-SE\",\"@id\":\"https:\\\/\\\/viljestendesign.se\\\/#\\\/schema\\\/logo\\\/image\\\/\",\"url\":\"https:\\\/\\\/viljestendesign.se\\\/wp-content\\\/uploads\\\/2025\\\/02\\\/Viljesten-500-x-200-px-1.png\",\"contentUrl\":\"https:\\\/\\\/viljestendesign.se\\\/wp-content\\\/uploads\\\/2025\\\/02\\\/Viljesten-500-x-200-px-1.png\",\"width\":500,\"height\":200,\"caption\":\"Viljestendesign\"},\"image\":{\"@id\":\"https:\\\/\\\/viljestendesign.se\\\/#\\\/schema\\\/logo\\\/image\\\/\"},\"sameAs\":[\"https:\\\/\\\/www.facebook.com\\\/lilleliana.viljesten\\\/\",\"https:\\\/\\\/www.instagram.com\\\/viljesten\\\/\"]}]}<\/script>\n<!-- \/ Yoast SEO plugin. -->","yoast_head_json":{"title":"1980-talet - Viljestendesign","description":"1980-talet - atelj\u00e9verksamhet, best\u00e4llningsarbeten. Exempel \u00e4r uppdrag till reklambyr\u00e5er, tillverkade profilkl\u00e4der som anv\u00e4ndes till annonskampanjer.","robots":{"index":"index","follow":"follow","max-snippet":"max-snippet:-1","max-image-preview":"max-image-preview:large","max-video-preview":"max-video-preview:-1"},"canonical":"https:\/\/viljestendesign.se\/sv\/1980-talet\/","og_locale":"sv_SE","og_type":"article","og_title":"1980-talet - Viljestendesign","og_description":"1980-talet - atelj\u00e9verksamhet, best\u00e4llningsarbeten. Exempel \u00e4r uppdrag till reklambyr\u00e5er, tillverkade profilkl\u00e4der som anv\u00e4ndes till annonskampanjer.","og_url":"https:\/\/viljestendesign.se\/sv\/1980-talet\/","og_site_name":"Viljestendesign","article_publisher":"https:\/\/www.facebook.com\/lilleliana.viljesten\/","article_modified_time":"2025-06-11T16:36:02+00:00","twitter_card":"summary_large_image","twitter_misc":{"Ber\u00e4knad l\u00e4stid":"1 minut"},"schema":{"@context":"https:\/\/schema.org","@graph":[{"@type":"WebPage","@id":"https:\/\/viljestendesign.se\/1980-talet\/","url":"https:\/\/viljestendesign.se\/1980-talet\/","name":"1980-talet - Viljestendesign","isPartOf":{"@id":"https:\/\/viljestendesign.se\/#website"},"datePublished":"2025-05-19T20:33:15+00:00","dateModified":"2025-06-11T16:36:02+00:00","description":"1980-talet - atelj\u00e9verksamhet, best\u00e4llningsarbeten. Exempel \u00e4r uppdrag till reklambyr\u00e5er, tillverkade profilkl\u00e4der som anv\u00e4ndes till annonskampanjer.","breadcrumb":{"@id":"https:\/\/viljestendesign.se\/1980-talet\/#breadcrumb"},"inLanguage":"sv-SE","potentialAction":[{"@type":"ReadAction","target":["https:\/\/viljestendesign.se\/1980-talet\/"]}]},{"@type":"BreadcrumbList","@id":"https:\/\/viljestendesign.se\/1980-talet\/#breadcrumb","itemListElement":[{"@type":"ListItem","position":1,"name":"Home","item":"https:\/\/viljestendesign.se\/"},{"@type":"ListItem","position":2,"name":"1980-talet"}]},{"@type":"WebSite","@id":"https:\/\/viljestendesign.se\/#website","url":"https:\/\/viljestendesign.se\/","name":"Viljestendesign","description":"","publisher":{"@id":"https:\/\/viljestendesign.se\/#organization"},"potentialAction":[{"@type":"SearchAction","target":{"@type":"EntryPoint","urlTemplate":"https:\/\/viljestendesign.se\/?s={search_term_string}"},"query-input":{"@type":"PropertyValueSpecification","valueRequired":true,"valueName":"search_term_string"}}],"inLanguage":"sv-SE"},{"@type":"Organization","@id":"https:\/\/viljestendesign.se\/#organization","name":"Viljestendesign","url":"https:\/\/viljestendesign.se\/","logo":{"@type":"ImageObject","inLanguage":"sv-SE","@id":"https:\/\/viljestendesign.se\/#\/schema\/logo\/image\/","url":"https:\/\/viljestendesign.se\/wp-content\/uploads\/2025\/02\/Viljesten-500-x-200-px-1.png","contentUrl":"https:\/\/viljestendesign.se\/wp-content\/uploads\/2025\/02\/Viljesten-500-x-200-px-1.png","width":500,"height":200,"caption":"Viljestendesign"},"image":{"@id":"https:\/\/viljestendesign.se\/#\/schema\/logo\/image\/"},"sameAs":["https:\/\/www.facebook.com\/lilleliana.viljesten\/","https:\/\/www.instagram.com\/viljesten\/"]}]}},"_links":{"self":[{"href":"https:\/\/viljestendesign.se\/sv\/wp-json\/wp\/v2\/pages\/1468","targetHints":{"allow":["GET"]}}],"collection":[{"href":"https:\/\/viljestendesign.se\/sv\/wp-json\/wp\/v2\/pages"}],"about":[{"href":"https:\/\/viljestendesign.se\/sv\/wp-json\/wp\/v2\/types\/page"}],"author":[{"embeddable":true,"href":"https:\/\/viljestendesign.se\/sv\/wp-json\/wp\/v2\/users\/1"}],"replies":[{"embeddable":true,"href":"https:\/\/viljestendesign.se\/sv\/wp-json\/wp\/v2\/comments?post=1468"}],"version-history":[{"count":29,"href":"https:\/\/viljestendesign.se\/sv\/wp-json\/wp\/v2\/pages\/1468\/revisions"}],"predecessor-version":[{"id":2660,"href":"https:\/\/viljestendesign.se\/sv\/wp-json\/wp\/v2\/pages\/1468\/revisions\/2660"}],"wp:attachment":[{"href":"https:\/\/viljestendesign.se\/sv\/wp-json\/wp\/v2\/media?parent=1468"}],"curies":[{"name":"wp","href":"https:\/\/api.w.org\/{rel}","templated":true}]}}