{"id":1472,"date":"2025-05-19T20:34:02","date_gmt":"2025-05-19T20:34:02","guid":{"rendered":"https:\/\/viljestendesign.se\/?page_id=1472"},"modified":"2025-07-10T08:35:45","modified_gmt":"2025-07-10T08:35:45","slug":"2000-talet-nu","status":"publish","type":"page","link":"https:\/\/viljestendesign.se\/sv\/2000-talet-nu\/","title":{"rendered":"2000-talet\u2013Nu"},"content":{"rendered":"<div data-elementor-type=\"wp-page\" data-elementor-id=\"1472\" class=\"elementor elementor-1472\" data-elementor-post-type=\"page\">\n\t\t\t\t<div class=\"elementor-element elementor-element-628cd2f e-flex e-con-boxed e-con e-parent\" data-id=\"628cd2f\" data-element_type=\"container\" data-e-type=\"container\" data-settings=\"{&quot;background_background&quot;:&quot;classic&quot;}\">\n\t\t\t\t\t<div class=\"e-con-inner\">\n\t\t<div class=\"elementor-element elementor-element-ff2ff4d e-con-full e-flex e-con e-child\" data-id=\"ff2ff4d\" data-element_type=\"container\" data-e-type=\"container\" data-settings=\"{&quot;background_background&quot;:&quot;classic&quot;}\">\n\t\t<div class=\"elementor-element elementor-element-943a2e1 e-con-full e-flex e-con e-child\" data-id=\"943a2e1\" data-element_type=\"container\" data-e-type=\"container\" data-settings=\"{&quot;background_background&quot;:&quot;classic&quot;}\">\n\t\t\t\t<\/div>\n\t\t\t\t<\/div>\n\t\t\t\t\t<\/div>\n\t\t\t\t<\/div>\n\t\t<div class=\"elementor-element elementor-element-9b795ad e-flex e-con-boxed e-con e-parent\" data-id=\"9b795ad\" data-element_type=\"container\" data-e-type=\"container\" data-settings=\"{&quot;background_background&quot;:&quot;classic&quot;}\">\n\t\t\t\t\t<div class=\"e-con-inner\">\n\t\t<div class=\"elementor-element elementor-element-c55948b e-con-full e-flex e-con e-child\" data-id=\"c55948b\" data-element_type=\"container\" data-e-type=\"container\">\n\t\t<div class=\"elementor-element elementor-element-07843cb e-con-full e-flex e-con e-child\" data-id=\"07843cb\" data-element_type=\"container\" data-e-type=\"container\" data-settings=\"{&quot;background_background&quot;:&quot;classic&quot;}\">\n\t\t\t\t<div class=\"elementor-element elementor-element-d78ce42 elementor-invisible elementor-widget elementor-widget-heading\" data-id=\"d78ce42\" data-element_type=\"widget\" data-e-type=\"widget\" data-settings=\"{&quot;_animation&quot;:&quot;fadeInDown&quot;}\" data-widget_type=\"heading.default\">\n\t\t\t\t<div class=\"elementor-widget-container\">\n\t\t\t\t\t<h2 class=\"elementor-heading-title elementor-size-default\">2000-talet - Nu<\/h2>\t\t\t\t<\/div>\n\t\t\t\t<\/div>\n\t\t\t\t<div class=\"elementor-element elementor-element-975bb68 elementor-widget elementor-widget-text-editor\" data-id=\"975bb68\" data-element_type=\"widget\" data-e-type=\"widget\" data-widget_type=\"text-editor.default\">\n\t\t\t\t<div class=\"elementor-widget-container\">\n\t\t\t\t\t\t\t\t\t<p>Mitt yrkesliv fortsatte med att v\u00e4xla mellan textila uppdrag och skrivandet.<\/p><p>Gav ut tv\u00e5 barnb\u00f6cker om Cappe Kartong. F\u00f6rsta titeln \u201dKasper i Cappe Kartongs v\u00e4rld\u201d och titel nummer tv\u00e5 \u201dCappe Kartong r\u00e4ddar tomtens jul\u201d. Jag b\u00e5de skrev och illustrerade.<\/p><p>Jag sl\u00e4ppte en roman 2024 \u201dRock\u2019n\u2019roll-valsen\u201d en ber\u00e4ttelse som grundar sig p\u00e5 en verklig h\u00e4ndelse jag gick igenom p\u00e5 slutet av 80 \u2013 talet. Under fliken b\u00f6cker h\u00e4r p\u00e5 hemsidan kan du l\u00e4sa om en m\u00f6rk h\u00e4ndelse i mitt liv.<\/p><p>Under alla \u00e5ren p\u00e5 min yrkesv\u00e4g har jag medverkat i kortare utbildningar inom konsthantverk. Batik, v\u00e4vning, textila tekniker, keramik, akvarellm\u00e5lning, samt i olja och akrylf\u00e4rg, finsnickeri och kurs i illustration. Och en tjugotal skrivarkurser.<\/p><p>Har ocks\u00e5 arbetat p\u00e5 den andra sidan av kursverksamheten som l\u00e4rare p\u00e5 olika studief\u00f6rbund. I kl\u00e4ds\u00f6mnad och m\u00f6nsterkonstruktion.<\/p><p>Inte att f\u00f6rgl\u00f6mma har jag anordnat och verkst\u00e4llt runt ett 40 \u2013 tal olika event som modem\u00e4ssor, mannek\u00e4nguppvisningar och utst\u00e4llningar. Sista utst\u00e4llningen var 2024 d\u00e4r jag visade mina skapelser av \u00e5tervunnen denim. Jag visar allt p\u00e5 mitt Instagram @viljesten och h\u00e4r p\u00e5 hemsidan.<\/p><p>Fortfarande skapar jag fullt ut av lust och inspiration. Hoppas att detta ska ge dig m\u00e4ngder av inspiration till ditt eget skapande. Att vara kreativ och brinna f\u00f6r ett intresse slutar aldrig finna nya uttryck och att utvecklas. Varma h\u00e4lsningar Lill Viljesten<\/p>\t\t\t\t\t\t\t\t<\/div>\n\t\t\t\t<\/div>\n\t\t\t\t<\/div>\n\t\t\t\t<\/div>\n\t\t<div class=\"elementor-element elementor-element-a68049c e-con-full e-flex e-con e-child\" data-id=\"a68049c\" data-element_type=\"container\" data-e-type=\"container\" data-settings=\"{&quot;background_background&quot;:&quot;classic&quot;}\">\n\t\t\t\t<div class=\"elementor-element elementor-element-2550f22 elementor-hidden-tablet elementor-hidden-mobile elementor-invisible elementor-widget elementor-widget-image\" data-id=\"2550f22\" data-element_type=\"widget\" data-e-type=\"widget\" data-settings=\"{&quot;_animation&quot;:&quot;slideInRight&quot;,&quot;motion_fx_motion_fx_scrolling&quot;:&quot;yes&quot;,&quot;motion_fx_translateY_effect&quot;:&quot;yes&quot;,&quot;motion_fx_translateY_speed&quot;:{&quot;unit&quot;:&quot;px&quot;,&quot;size&quot;:5,&quot;sizes&quot;:[]},&quot;motion_fx_translateY_affectedRange&quot;:{&quot;unit&quot;:&quot;%&quot;,&quot;size&quot;:&quot;&quot;,&quot;sizes&quot;:{&quot;start&quot;:0,&quot;end&quot;:100}},&quot;motion_fx_devices&quot;:[&quot;desktop&quot;,&quot;tablet&quot;,&quot;mobile&quot;]}\" data-widget_type=\"image.default\">\n\t\t\t\t<div class=\"elementor-widget-container\">\n\t\t\t\t\t\t\t\t\t\t\t\t\t\t\t<img fetchpriority=\"high\" decoding=\"async\" width=\"222\" height=\"332\" src=\"https:\/\/viljestendesign.se\/wp-content\/uploads\/2025\/05\/Min-Bakgrund-inom-image-02.jpg\" class=\"attachment-large size-large wp-image-312\" alt=\"\" srcset=\"https:\/\/viljestendesign.se\/wp-content\/uploads\/2025\/05\/Min-Bakgrund-inom-image-02.jpg 222w, https:\/\/viljestendesign.se\/wp-content\/uploads\/2025\/05\/Min-Bakgrund-inom-image-02-201x300.jpg 201w\" sizes=\"(max-width: 222px) 100vw, 222px\" \/>\t\t\t\t\t\t\t\t\t\t\t\t\t\t\t<\/div>\n\t\t\t\t<\/div>\n\t\t\t\t<\/div>\n\t\t\t\t\t<\/div>\n\t\t\t\t<\/div>\n\t\t\t\t<\/div>","protected":false},"excerpt":{"rendered":"<p>2000-talet &#8211; Nu Mitt yrkesliv fortsatte med att v\u00e4xla mellan textila uppdrag och skrivandet. Gav ut tv\u00e5 barnb\u00f6cker om Cappe [&hellip;]<\/p>","protected":false},"author":1,"featured_media":0,"parent":0,"menu_order":0,"comment_status":"closed","ping_status":"closed","template":"elementor_header_footer","meta":{"site-sidebar-layout":"default","site-content-layout":"","ast-site-content-layout":"default","site-content-style":"default","site-sidebar-style":"default","ast-global-header-display":"","ast-banner-title-visibility":"","ast-main-header-display":"","ast-hfb-above-header-display":"","ast-hfb-below-header-display":"","ast-hfb-mobile-header-display":"","site-post-title":"","ast-breadcrumbs-content":"","ast-featured-img":"","footer-sml-layout":"","ast-disable-related-posts":"","theme-transparent-header-meta":"","adv-header-id-meta":"","stick-header-meta":"","header-above-stick-meta":"","header-main-stick-meta":"","header-below-stick-meta":"","astra-migrate-meta-layouts":"default","ast-page-background-enabled":"default","ast-page-background-meta":{"desktop":{"background-color":"var(--ast-global-color-5)","background-image":"","background-repeat":"repeat","background-position":"center center","background-size":"auto","background-attachment":"scroll","background-type":"","background-media":"","overlay-type":"","overlay-color":"","overlay-opacity":"","overlay-gradient":""},"tablet":{"background-color":"","background-image":"","background-repeat":"repeat","background-position":"center center","background-size":"auto","background-attachment":"scroll","background-type":"","background-media":"","overlay-type":"","overlay-color":"","overlay-opacity":"","overlay-gradient":""},"mobile":{"background-color":"","background-image":"","background-repeat":"repeat","background-position":"center center","background-size":"auto","background-attachment":"scroll","background-type":"","background-media":"","overlay-type":"","overlay-color":"","overlay-opacity":"","overlay-gradient":""}},"ast-content-background-meta":{"desktop":{"background-color":"var(--ast-global-color-4)","background-image":"","background-repeat":"repeat","background-position":"center center","background-size":"auto","background-attachment":"scroll","background-type":"","background-media":"","overlay-type":"","overlay-color":"","overlay-opacity":"","overlay-gradient":""},"tablet":{"background-color":"var(--ast-global-color-4)","background-image":"","background-repeat":"repeat","background-position":"center center","background-size":"auto","background-attachment":"scroll","background-type":"","background-media":"","overlay-type":"","overlay-color":"","overlay-opacity":"","overlay-gradient":""},"mobile":{"background-color":"var(--ast-global-color-4)","background-image":"","background-repeat":"repeat","background-position":"center center","background-size":"auto","background-attachment":"scroll","background-type":"","background-media":"","overlay-type":"","overlay-color":"","overlay-opacity":"","overlay-gradient":""}},"footnotes":""},"class_list":["post-1472","page","type-page","status-publish","hentry"],"yoast_head":"<!-- This site is optimized with the Yoast SEO plugin v27.4 - https:\/\/yoast.com\/product\/yoast-seo-wordpress\/ -->\n<title>2000-talet\u2013Nu - Viljestendesign<\/title>\n<meta name=\"description\" content=\"2000-talet - Nu. Mitt yrkesliv fortsatte med att v\u00e4xla mellan textila uppdrag och skrivandet.\" \/>\n<meta name=\"robots\" content=\"index, follow, max-snippet:-1, max-image-preview:large, max-video-preview:-1\" \/>\n<link rel=\"canonical\" href=\"https:\/\/viljestendesign.se\/sv\/2000-talet-nu\/\" \/>\n<meta property=\"og:locale\" content=\"sv_SE\" \/>\n<meta property=\"og:type\" content=\"article\" \/>\n<meta property=\"og:title\" content=\"2000-talet\u2013Nu - Viljestendesign\" \/>\n<meta property=\"og:description\" content=\"2000-talet - Nu. Mitt yrkesliv fortsatte med att v\u00e4xla mellan textila uppdrag och skrivandet.\" \/>\n<meta property=\"og:url\" content=\"https:\/\/viljestendesign.se\/sv\/2000-talet-nu\/\" \/>\n<meta property=\"og:site_name\" content=\"Viljestendesign\" \/>\n<meta property=\"article:publisher\" content=\"https:\/\/www.facebook.com\/lilleliana.viljesten\/\" \/>\n<meta property=\"article:modified_time\" content=\"2025-07-10T08:35:45+00:00\" \/>\n<meta property=\"og:image\" content=\"https:\/\/viljestendesign.se\/wp-content\/uploads\/2025\/05\/Min-Bakgrund-inom-image-02.jpg\" \/>\n\t<meta property=\"og:image:width\" content=\"222\" \/>\n\t<meta property=\"og:image:height\" content=\"332\" \/>\n\t<meta property=\"og:image:type\" content=\"image\/jpeg\" \/>\n<meta name=\"twitter:card\" content=\"summary_large_image\" \/>\n<meta name=\"twitter:label1\" content=\"Ber\u00e4knad l\u00e4stid\" \/>\n\t<meta name=\"twitter:data1\" content=\"2 minuter\" \/>\n<script type=\"application\/ld+json\" class=\"yoast-schema-graph\">{\"@context\":\"https:\\\/\\\/schema.org\",\"@graph\":[{\"@type\":\"WebPage\",\"@id\":\"https:\\\/\\\/viljestendesign.se\\\/2000-talet-nu\\\/\",\"url\":\"https:\\\/\\\/viljestendesign.se\\\/2000-talet-nu\\\/\",\"name\":\"2000-talet\u2013Nu - Viljestendesign\",\"isPartOf\":{\"@id\":\"https:\\\/\\\/viljestendesign.se\\\/#website\"},\"primaryImageOfPage\":{\"@id\":\"https:\\\/\\\/viljestendesign.se\\\/2000-talet-nu\\\/#primaryimage\"},\"image\":{\"@id\":\"https:\\\/\\\/viljestendesign.se\\\/2000-talet-nu\\\/#primaryimage\"},\"thumbnailUrl\":\"https:\\\/\\\/viljestendesign.se\\\/wp-content\\\/uploads\\\/2025\\\/05\\\/Min-Bakgrund-inom-image-02.jpg\",\"datePublished\":\"2025-05-19T20:34:02+00:00\",\"dateModified\":\"2025-07-10T08:35:45+00:00\",\"description\":\"2000-talet - Nu. Mitt yrkesliv fortsatte med att v\u00e4xla mellan textila uppdrag och skrivandet.\",\"breadcrumb\":{\"@id\":\"https:\\\/\\\/viljestendesign.se\\\/2000-talet-nu\\\/#breadcrumb\"},\"inLanguage\":\"sv-SE\",\"potentialAction\":[{\"@type\":\"ReadAction\",\"target\":[\"https:\\\/\\\/viljestendesign.se\\\/2000-talet-nu\\\/\"]}]},{\"@type\":\"ImageObject\",\"inLanguage\":\"sv-SE\",\"@id\":\"https:\\\/\\\/viljestendesign.se\\\/2000-talet-nu\\\/#primaryimage\",\"url\":\"https:\\\/\\\/viljestendesign.se\\\/wp-content\\\/uploads\\\/2025\\\/05\\\/Min-Bakgrund-inom-image-02.jpg\",\"contentUrl\":\"https:\\\/\\\/viljestendesign.se\\\/wp-content\\\/uploads\\\/2025\\\/05\\\/Min-Bakgrund-inom-image-02.jpg\"},{\"@type\":\"BreadcrumbList\",\"@id\":\"https:\\\/\\\/viljestendesign.se\\\/2000-talet-nu\\\/#breadcrumb\",\"itemListElement\":[{\"@type\":\"ListItem\",\"position\":1,\"name\":\"Home\",\"item\":\"https:\\\/\\\/viljestendesign.se\\\/\"},{\"@type\":\"ListItem\",\"position\":2,\"name\":\"2000-talet\u2013Nu\"}]},{\"@type\":\"WebSite\",\"@id\":\"https:\\\/\\\/viljestendesign.se\\\/#website\",\"url\":\"https:\\\/\\\/viljestendesign.se\\\/\",\"name\":\"Viljestendesign\",\"description\":\"\",\"publisher\":{\"@id\":\"https:\\\/\\\/viljestendesign.se\\\/#organization\"},\"potentialAction\":[{\"@type\":\"SearchAction\",\"target\":{\"@type\":\"EntryPoint\",\"urlTemplate\":\"https:\\\/\\\/viljestendesign.se\\\/?s={search_term_string}\"},\"query-input\":{\"@type\":\"PropertyValueSpecification\",\"valueRequired\":true,\"valueName\":\"search_term_string\"}}],\"inLanguage\":\"sv-SE\"},{\"@type\":\"Organization\",\"@id\":\"https:\\\/\\\/viljestendesign.se\\\/#organization\",\"name\":\"Viljestendesign\",\"url\":\"https:\\\/\\\/viljestendesign.se\\\/\",\"logo\":{\"@type\":\"ImageObject\",\"inLanguage\":\"sv-SE\",\"@id\":\"https:\\\/\\\/viljestendesign.se\\\/#\\\/schema\\\/logo\\\/image\\\/\",\"url\":\"https:\\\/\\\/viljestendesign.se\\\/wp-content\\\/uploads\\\/2025\\\/02\\\/Viljesten-500-x-200-px-1.png\",\"contentUrl\":\"https:\\\/\\\/viljestendesign.se\\\/wp-content\\\/uploads\\\/2025\\\/02\\\/Viljesten-500-x-200-px-1.png\",\"width\":500,\"height\":200,\"caption\":\"Viljestendesign\"},\"image\":{\"@id\":\"https:\\\/\\\/viljestendesign.se\\\/#\\\/schema\\\/logo\\\/image\\\/\"},\"sameAs\":[\"https:\\\/\\\/www.facebook.com\\\/lilleliana.viljesten\\\/\",\"https:\\\/\\\/www.instagram.com\\\/viljesten\\\/\"]}]}<\/script>\n<!-- \/ Yoast SEO plugin. -->","yoast_head_json":{"title":"2000-talet\u2013Nu - Viljestendesign","description":"2000-talet - Nu. Mitt yrkesliv fortsatte med att v\u00e4xla mellan textila uppdrag och skrivandet.","robots":{"index":"index","follow":"follow","max-snippet":"max-snippet:-1","max-image-preview":"max-image-preview:large","max-video-preview":"max-video-preview:-1"},"canonical":"https:\/\/viljestendesign.se\/sv\/2000-talet-nu\/","og_locale":"sv_SE","og_type":"article","og_title":"2000-talet\u2013Nu - Viljestendesign","og_description":"2000-talet - Nu. Mitt yrkesliv fortsatte med att v\u00e4xla mellan textila uppdrag och skrivandet.","og_url":"https:\/\/viljestendesign.se\/sv\/2000-talet-nu\/","og_site_name":"Viljestendesign","article_publisher":"https:\/\/www.facebook.com\/lilleliana.viljesten\/","article_modified_time":"2025-07-10T08:35:45+00:00","og_image":[{"width":222,"height":332,"url":"https:\/\/viljestendesign.se\/wp-content\/uploads\/2025\/05\/Min-Bakgrund-inom-image-02.jpg","type":"image\/jpeg"}],"twitter_card":"summary_large_image","twitter_misc":{"Ber\u00e4knad l\u00e4stid":"2 minuter"},"schema":{"@context":"https:\/\/schema.org","@graph":[{"@type":"WebPage","@id":"https:\/\/viljestendesign.se\/2000-talet-nu\/","url":"https:\/\/viljestendesign.se\/2000-talet-nu\/","name":"2000-talet\u2013Nu - Viljestendesign","isPartOf":{"@id":"https:\/\/viljestendesign.se\/#website"},"primaryImageOfPage":{"@id":"https:\/\/viljestendesign.se\/2000-talet-nu\/#primaryimage"},"image":{"@id":"https:\/\/viljestendesign.se\/2000-talet-nu\/#primaryimage"},"thumbnailUrl":"https:\/\/viljestendesign.se\/wp-content\/uploads\/2025\/05\/Min-Bakgrund-inom-image-02.jpg","datePublished":"2025-05-19T20:34:02+00:00","dateModified":"2025-07-10T08:35:45+00:00","description":"2000-talet - Nu. Mitt yrkesliv fortsatte med att v\u00e4xla mellan textila uppdrag och skrivandet.","breadcrumb":{"@id":"https:\/\/viljestendesign.se\/2000-talet-nu\/#breadcrumb"},"inLanguage":"sv-SE","potentialAction":[{"@type":"ReadAction","target":["https:\/\/viljestendesign.se\/2000-talet-nu\/"]}]},{"@type":"ImageObject","inLanguage":"sv-SE","@id":"https:\/\/viljestendesign.se\/2000-talet-nu\/#primaryimage","url":"https:\/\/viljestendesign.se\/wp-content\/uploads\/2025\/05\/Min-Bakgrund-inom-image-02.jpg","contentUrl":"https:\/\/viljestendesign.se\/wp-content\/uploads\/2025\/05\/Min-Bakgrund-inom-image-02.jpg"},{"@type":"BreadcrumbList","@id":"https:\/\/viljestendesign.se\/2000-talet-nu\/#breadcrumb","itemListElement":[{"@type":"ListItem","position":1,"name":"Home","item":"https:\/\/viljestendesign.se\/"},{"@type":"ListItem","position":2,"name":"2000-talet\u2013Nu"}]},{"@type":"WebSite","@id":"https:\/\/viljestendesign.se\/#website","url":"https:\/\/viljestendesign.se\/","name":"Viljestendesign","description":"","publisher":{"@id":"https:\/\/viljestendesign.se\/#organization"},"potentialAction":[{"@type":"SearchAction","target":{"@type":"EntryPoint","urlTemplate":"https:\/\/viljestendesign.se\/?s={search_term_string}"},"query-input":{"@type":"PropertyValueSpecification","valueRequired":true,"valueName":"search_term_string"}}],"inLanguage":"sv-SE"},{"@type":"Organization","@id":"https:\/\/viljestendesign.se\/#organization","name":"Viljestendesign","url":"https:\/\/viljestendesign.se\/","logo":{"@type":"ImageObject","inLanguage":"sv-SE","@id":"https:\/\/viljestendesign.se\/#\/schema\/logo\/image\/","url":"https:\/\/viljestendesign.se\/wp-content\/uploads\/2025\/02\/Viljesten-500-x-200-px-1.png","contentUrl":"https:\/\/viljestendesign.se\/wp-content\/uploads\/2025\/02\/Viljesten-500-x-200-px-1.png","width":500,"height":200,"caption":"Viljestendesign"},"image":{"@id":"https:\/\/viljestendesign.se\/#\/schema\/logo\/image\/"},"sameAs":["https:\/\/www.facebook.com\/lilleliana.viljesten\/","https:\/\/www.instagram.com\/viljesten\/"]}]}},"_links":{"self":[{"href":"https:\/\/viljestendesign.se\/sv\/wp-json\/wp\/v2\/pages\/1472","targetHints":{"allow":["GET"]}}],"collection":[{"href":"https:\/\/viljestendesign.se\/sv\/wp-json\/wp\/v2\/pages"}],"about":[{"href":"https:\/\/viljestendesign.se\/sv\/wp-json\/wp\/v2\/types\/page"}],"author":[{"embeddable":true,"href":"https:\/\/viljestendesign.se\/sv\/wp-json\/wp\/v2\/users\/1"}],"replies":[{"embeddable":true,"href":"https:\/\/viljestendesign.se\/sv\/wp-json\/wp\/v2\/comments?post=1472"}],"version-history":[{"count":47,"href":"https:\/\/viljestendesign.se\/sv\/wp-json\/wp\/v2\/pages\/1472\/revisions"}],"predecessor-version":[{"id":2709,"href":"https:\/\/viljestendesign.se\/sv\/wp-json\/wp\/v2\/pages\/1472\/revisions\/2709"}],"wp:attachment":[{"href":"https:\/\/viljestendesign.se\/sv\/wp-json\/wp\/v2\/media?parent=1472"}],"curies":[{"name":"wp","href":"https:\/\/api.w.org\/{rel}","templated":true}]}}