{"id":199,"date":"2025-05-31T10:11:54","date_gmt":"2025-05-31T10:11:54","guid":{"rendered":"https:\/\/viljestendesign.se\/?page_id=199"},"modified":"2025-06-11T16:44:35","modified_gmt":"2025-06-11T16:44:35","slug":"terms-and-conditions","status":"publish","type":"page","link":"https:\/\/viljestendesign.se\/sv\/terms-and-conditions\/","title":{"rendered":"Terms and Conditions"},"content":{"rendered":"<div data-elementor-type=\"wp-page\" data-elementor-id=\"199\" class=\"elementor elementor-199\" data-elementor-post-type=\"page\">\n\t\t\t\t<div class=\"elementor-element elementor-element-76aaf7b e-flex e-con-boxed e-con e-parent\" data-id=\"76aaf7b\" data-element_type=\"container\" data-e-type=\"container\" data-settings=\"{&quot;background_background&quot;:&quot;classic&quot;}\">\n\t\t\t\t\t<div class=\"e-con-inner\">\n\t\t\t\t<div class=\"elementor-element elementor-element-d23b46e elementor-widget elementor-widget-heading\" data-id=\"d23b46e\" data-element_type=\"widget\" data-e-type=\"widget\" data-widget_type=\"heading.default\">\n\t\t\t\t<div class=\"elementor-widget-container\">\n\t\t\t\t\t<h2 class=\"elementor-heading-title elementor-size-default\">K\u00f6pvillkor \u2013 Viljesten Design<\/h2>\t\t\t\t<\/div>\n\t\t\t\t<\/div>\n\t\t\t\t<div class=\"elementor-element elementor-element-2114e90 elementor-widget elementor-widget-text-editor\" data-id=\"2114e90\" data-element_type=\"widget\" data-e-type=\"widget\" data-widget_type=\"text-editor.default\">\n\t\t\t\t<div class=\"elementor-widget-container\">\n\t\t\t\t\t\t\t\t\tSenast uppdaterad: [31 maj 2025]\t\t\t\t\t\t\t\t<\/div>\n\t\t\t\t<\/div>\n\t\t\t\t<div class=\"elementor-element elementor-element-d8444a6 elementor-widget elementor-widget-heading\" data-id=\"d8444a6\" data-element_type=\"widget\" data-e-type=\"widget\" data-widget_type=\"heading.default\">\n\t\t\t\t<div class=\"elementor-widget-container\">\n\t\t\t\t\t<h2 class=\"elementor-heading-title elementor-size-default\">1. Allm\u00e4nt<\/h2>\t\t\t\t<\/div>\n\t\t\t\t<\/div>\n\t\t\t\t<div class=\"elementor-element elementor-element-e4563d4 elementor-widget elementor-widget-text-editor\" data-id=\"e4563d4\" data-element_type=\"widget\" data-e-type=\"widget\" data-widget_type=\"text-editor.default\">\n\t\t\t\t<div class=\"elementor-widget-container\">\n\t\t\t\t\t\t\t\t\tDessa villkor g\u00e4ller n\u00e4r du k\u00f6per onlinekurser eller produkter fr\u00e5n Viljesten Design via v\u00e5r webbplats <a href=\"mailto: https:\/\/viljestendesign.se.\">https:\/\/viljestendesign.se.<\/a>\t\t\t\t\t\t\t\t<\/div>\n\t\t\t\t<\/div>\n\t\t\t\t<div class=\"elementor-element elementor-element-791737c elementor-widget elementor-widget-heading\" data-id=\"791737c\" data-element_type=\"widget\" data-e-type=\"widget\" data-widget_type=\"heading.default\">\n\t\t\t\t<div class=\"elementor-widget-container\">\n\t\t\t\t\t<h3 class=\"elementor-heading-title elementor-size-default\">2. Priser<\/h3>\t\t\t\t<\/div>\n\t\t\t\t<\/div>\n\t\t\t\t<div class=\"elementor-element elementor-element-73cc535 elementor-widget elementor-widget-text-editor\" data-id=\"73cc535\" data-element_type=\"widget\" data-e-type=\"widget\" data-widget_type=\"text-editor.default\">\n\t\t\t\t<div class=\"elementor-widget-container\">\n\t\t\t\t\t\t\t\t\tAlla priser anges i SEK och inkluderar moms. Vi f\u00f6rbeh\u00e5ller oss r\u00e4tten att \u00e4ndra priser utan f\u00f6reg\u00e5ende avisering. \t\t\t\t\t\t\t\t<\/div>\n\t\t\t\t<\/div>\n\t\t\t\t<div class=\"elementor-element elementor-element-dc0618a elementor-widget elementor-widget-heading\" data-id=\"dc0618a\" data-element_type=\"widget\" data-e-type=\"widget\" data-widget_type=\"heading.default\">\n\t\t\t\t<div class=\"elementor-widget-container\">\n\t\t\t\t\t<h3 class=\"elementor-heading-title elementor-size-default\">3. Betalning<\/h3>\t\t\t\t<\/div>\n\t\t\t\t<\/div>\n\t\t\t\t<div class=\"elementor-element elementor-element-4a0cad4 elementor-widget elementor-widget-text-editor\" data-id=\"4a0cad4\" data-element_type=\"widget\" data-e-type=\"widget\" data-widget_type=\"text-editor.default\">\n\t\t\t\t<div class=\"elementor-widget-container\">\n\t\t\t\t\t\t\t\t\tBetalning sker s\u00e4kert och krypterat p\u00e5 hemsidan.\t\t\t\t\t\t\t\t<\/div>\n\t\t\t\t<\/div>\n\t\t\t\t<div class=\"elementor-element elementor-element-9dcd331 elementor-widget elementor-widget-heading\" data-id=\"9dcd331\" data-element_type=\"widget\" data-e-type=\"widget\" data-widget_type=\"heading.default\">\n\t\t\t\t<div class=\"elementor-widget-container\">\n\t\t\t\t\t<h3 class=\"elementor-heading-title elementor-size-default\">4. Leverans av kurser<\/h3>\t\t\t\t<\/div>\n\t\t\t\t<\/div>\n\t\t\t\t<div class=\"elementor-element elementor-element-aed2179 elementor-widget elementor-widget-text-editor\" data-id=\"aed2179\" data-element_type=\"widget\" data-e-type=\"widget\" data-widget_type=\"text-editor.default\">\n\t\t\t\t<div class=\"elementor-widget-container\">\n\t\t\t\t\t\t\t\t\tTillg\u00e5ng till onlinekurser ges direkt efter genomf\u00f6rt k\u00f6p.\t\t\t\t\t\t\t\t<\/div>\n\t\t\t\t<\/div>\n\t\t\t\t<div class=\"elementor-element elementor-element-cdb25ba elementor-widget elementor-widget-heading\" data-id=\"cdb25ba\" data-element_type=\"widget\" data-e-type=\"widget\" data-widget_type=\"heading.default\">\n\t\t\t\t<div class=\"elementor-widget-container\">\n\t\t\t\t\t<h3 class=\"elementor-heading-title elementor-size-default\">5. Leverans av produkter<\/h3>\t\t\t\t<\/div>\n\t\t\t\t<\/div>\n\t\t\t\t<div class=\"elementor-element elementor-element-24b1455 elementor-widget elementor-widget-text-editor\" data-id=\"24b1455\" data-element_type=\"widget\" data-e-type=\"widget\" data-widget_type=\"text-editor.default\">\n\t\t\t\t<div class=\"elementor-widget-container\">\n\t\t\t\t\t\t\t\t\tFysiska produkter skickas inom 3 arbetsdagar.<br \/>Fraktkostnad tillkommer och visas i kassan.\t\t\t\t\t\t\t\t<\/div>\n\t\t\t\t<\/div>\n\t\t\t\t<div class=\"elementor-element elementor-element-0af48e8 elementor-widget elementor-widget-heading\" data-id=\"0af48e8\" data-element_type=\"widget\" data-e-type=\"widget\" data-widget_type=\"heading.default\">\n\t\t\t\t<div class=\"elementor-widget-container\">\n\t\t\t\t\t<h3 class=\"elementor-heading-title elementor-size-default\">6. \u00c5ngerr\u00e4tt<\/h3>\t\t\t\t<\/div>\n\t\t\t\t<\/div>\n\t\t\t\t<div class=\"elementor-element elementor-element-96e00e4 elementor-widget elementor-widget-text-editor\" data-id=\"96e00e4\" data-element_type=\"widget\" data-e-type=\"widget\" data-widget_type=\"text-editor.default\">\n\t\t\t\t<div class=\"elementor-widget-container\">\n\t\t\t\t\t\t\t\t\tDu har 14 dagars \u00e5ngerr\u00e4tt enligt distansavtalslagen. F\u00f6r digitala kurser g\u00e4ller \u00e5ngerr\u00e4tt endast om du inte p\u00e5b\u00f6rjat kursen. N\u00e4r kursen p\u00e5b\u00f6rjas avs\u00e4ger du dig din \u00e5ngerr\u00e4tt. F\u00f6r fysiska produkter g\u00e4ller full \u00e5ngerr\u00e4tt, f\u00f6rutsatt att produkten returneras oanv\u00e4nd. <br><br>\nKontakta oss p\u00e5 info@viljestendesign.se.innan eventuell retur.\t\t\t\t\t\t\t\t<\/div>\n\t\t\t\t<\/div>\n\t\t\t\t<div class=\"elementor-element elementor-element-1940e87 elementor-widget elementor-widget-heading\" data-id=\"1940e87\" data-element_type=\"widget\" data-e-type=\"widget\" data-widget_type=\"heading.default\">\n\t\t\t\t<div class=\"elementor-widget-container\">\n\t\t\t\t\t<h3 class=\"elementor-heading-title elementor-size-default\">7. Reklamation<\/h3>\t\t\t\t<\/div>\n\t\t\t\t<\/div>\n\t\t\t\t<div class=\"elementor-element elementor-element-495a824 elementor-widget elementor-widget-text-editor\" data-id=\"495a824\" data-element_type=\"widget\" data-e-type=\"widget\" data-widget_type=\"text-editor.default\">\n\t\t\t\t<div class=\"elementor-widget-container\">\n\t\t\t\t\t\t\t\t\tOm produkten \u00e4r skadad eller felaktig, kontakta oss s\u00e5 snart som m\u00f6jligt. Vi f\u00f6ljer Konsumentk\u00f6plagen och \u00e5tg\u00e4rdar problemet enligt g\u00e4llande regler.\t\t\t\t\t\t\t\t<\/div>\n\t\t\t\t<\/div>\n\t\t\t\t<div class=\"elementor-element elementor-element-b52cbd8 elementor-widget elementor-widget-heading\" data-id=\"b52cbd8\" data-element_type=\"widget\" data-e-type=\"widget\" data-widget_type=\"heading.default\">\n\t\t\t\t<div class=\"elementor-widget-container\">\n\t\t\t\t\t<h3 class=\"elementor-heading-title elementor-size-default\">8. Kontakt<\/h3>\t\t\t\t<\/div>\n\t\t\t\t<\/div>\n\t\t\t\t<div class=\"elementor-element elementor-element-d5c7de0 elementor-widget elementor-widget-text-editor\" data-id=\"d5c7de0\" data-element_type=\"widget\" data-e-type=\"widget\" data-widget_type=\"text-editor.default\">\n\t\t\t\t<div class=\"elementor-widget-container\">\n\t\t\t\t\t\t\t\t\tVid fr\u00e5gor: E-post: <a href=\"mailto:info@viljestendesign.se\">info@viljestendesign.se<\/a>\t\t\t\t\t\t\t\t<\/div>\n\t\t\t\t<\/div>\n\t\t\t\t\t<\/div>\n\t\t\t\t<\/div>\n\t\t\t\t<\/div>","protected":false},"excerpt":{"rendered":"<p>K\u00f6pvillkor \u2013 Viljesten Design Senast uppdaterad: [31 maj 2025] 1. Allm\u00e4nt Dessa villkor g\u00e4ller n\u00e4r du k\u00f6per onlinekurser eller produkter [&hellip;]<\/p>","protected":false},"author":1,"featured_media":0,"parent":0,"menu_order":0,"comment_status":"closed","ping_status":"closed","template":"elementor_header_footer","meta":{"site-sidebar-layout":"default","site-content-layout":"","ast-site-content-layout":"default","site-content-style":"default","site-sidebar-style":"default","ast-global-header-display":"","ast-banner-title-visibility":"","ast-main-header-display":"","ast-hfb-above-header-display":"","ast-hfb-below-header-display":"","ast-hfb-mobile-header-display":"","site-post-title":"","ast-breadcrumbs-content":"","ast-featured-img":"","footer-sml-layout":"","ast-disable-related-posts":"","theme-transparent-header-meta":"","adv-header-id-meta":"","stick-header-meta":"","header-above-stick-meta":"","header-main-stick-meta":"","header-below-stick-meta":"","astra-migrate-meta-layouts":"default","ast-page-background-enabled":"default","ast-page-background-meta":{"desktop":{"background-color":"var(--ast-global-color-5)","background-image":"","background-repeat":"repeat","background-position":"center center","background-size":"auto","background-attachment":"scroll","background-type":"","background-media":"","overlay-type":"","overlay-color":"","overlay-opacity":"","overlay-gradient":""},"tablet":{"background-color":"","background-image":"","background-repeat":"repeat","background-position":"center center","background-size":"auto","background-attachment":"scroll","background-type":"","background-media":"","overlay-type":"","overlay-color":"","overlay-opacity":"","overlay-gradient":""},"mobile":{"background-color":"","background-image":"","background-repeat":"repeat","background-position":"center center","background-size":"auto","background-attachment":"scroll","background-type":"","background-media":"","overlay-type":"","overlay-color":"","overlay-opacity":"","overlay-gradient":""}},"ast-content-background-meta":{"desktop":{"background-color":"var(--ast-global-color-4)","background-image":"","background-repeat":"repeat","background-position":"center center","background-size":"auto","background-attachment":"scroll","background-type":"","background-media":"","overlay-type":"","overlay-color":"","overlay-opacity":"","overlay-gradient":""},"tablet":{"background-color":"var(--ast-global-color-4)","background-image":"","background-repeat":"repeat","background-position":"center center","background-size":"auto","background-attachment":"scroll","background-type":"","background-media":"","overlay-type":"","overlay-color":"","overlay-opacity":"","overlay-gradient":""},"mobile":{"background-color":"var(--ast-global-color-4)","background-image":"","background-repeat":"repeat","background-position":"center center","background-size":"auto","background-attachment":"scroll","background-type":"","background-media":"","overlay-type":"","overlay-color":"","overlay-opacity":"","overlay-gradient":""}},"footnotes":""},"class_list":["post-199","page","type-page","status-publish","hentry"],"yoast_head":"<!-- This site is optimized with the Yoast SEO plugin v27.4 - https:\/\/yoast.com\/product\/yoast-seo-wordpress\/ -->\n<title>Terms and Conditions - Viljestendesign<\/title>\n<meta name=\"description\" content=\"Dessa villkor g\u00e4ller n\u00e4r du k\u00f6per onlinekurser eller produkter fr\u00e5n Viljesten Design via v\u00e5r webbplats https:\/\/viljestendesign.se.\" \/>\n<meta name=\"robots\" content=\"index, follow, max-snippet:-1, max-image-preview:large, max-video-preview:-1\" \/>\n<link rel=\"canonical\" href=\"https:\/\/viljestendesign.se\/sv\/terms-and-conditions\/\" \/>\n<meta property=\"og:locale\" content=\"sv_SE\" \/>\n<meta property=\"og:type\" content=\"article\" \/>\n<meta property=\"og:title\" content=\"Terms and Conditions - Viljestendesign\" \/>\n<meta property=\"og:description\" content=\"Dessa villkor g\u00e4ller n\u00e4r du k\u00f6per onlinekurser eller produkter fr\u00e5n Viljesten Design via v\u00e5r webbplats https:\/\/viljestendesign.se.\" \/>\n<meta property=\"og:url\" content=\"https:\/\/viljestendesign.se\/sv\/terms-and-conditions\/\" \/>\n<meta property=\"og:site_name\" content=\"Viljestendesign\" \/>\n<meta property=\"article:publisher\" content=\"https:\/\/www.facebook.com\/lilleliana.viljesten\/\" \/>\n<meta property=\"article:modified_time\" content=\"2025-06-11T16:44:35+00:00\" \/>\n<meta name=\"twitter:card\" content=\"summary_large_image\" \/>\n<meta name=\"twitter:label1\" content=\"Ber\u00e4knad l\u00e4stid\" \/>\n\t<meta name=\"twitter:data1\" content=\"1 minut\" \/>\n<script type=\"application\/ld+json\" class=\"yoast-schema-graph\">{\"@context\":\"https:\\\/\\\/schema.org\",\"@graph\":[{\"@type\":\"WebPage\",\"@id\":\"https:\\\/\\\/viljestendesign.se\\\/terms-and-conditions\\\/\",\"url\":\"https:\\\/\\\/viljestendesign.se\\\/terms-and-conditions\\\/\",\"name\":\"Terms and Conditions - Viljestendesign\",\"isPartOf\":{\"@id\":\"https:\\\/\\\/viljestendesign.se\\\/#website\"},\"datePublished\":\"2025-05-31T10:11:54+00:00\",\"dateModified\":\"2025-06-11T16:44:35+00:00\",\"description\":\"Dessa villkor g\u00e4ller n\u00e4r du k\u00f6per onlinekurser eller produkter fr\u00e5n Viljesten Design via v\u00e5r webbplats https:\\\/\\\/viljestendesign.se.\",\"breadcrumb\":{\"@id\":\"https:\\\/\\\/viljestendesign.se\\\/terms-and-conditions\\\/#breadcrumb\"},\"inLanguage\":\"sv-SE\",\"potentialAction\":[{\"@type\":\"ReadAction\",\"target\":[\"https:\\\/\\\/viljestendesign.se\\\/terms-and-conditions\\\/\"]}]},{\"@type\":\"BreadcrumbList\",\"@id\":\"https:\\\/\\\/viljestendesign.se\\\/terms-and-conditions\\\/#breadcrumb\",\"itemListElement\":[{\"@type\":\"ListItem\",\"position\":1,\"name\":\"Home\",\"item\":\"https:\\\/\\\/viljestendesign.se\\\/\"},{\"@type\":\"ListItem\",\"position\":2,\"name\":\"Terms and Conditions\"}]},{\"@type\":\"WebSite\",\"@id\":\"https:\\\/\\\/viljestendesign.se\\\/#website\",\"url\":\"https:\\\/\\\/viljestendesign.se\\\/\",\"name\":\"Viljestendesign\",\"description\":\"\",\"publisher\":{\"@id\":\"https:\\\/\\\/viljestendesign.se\\\/#organization\"},\"potentialAction\":[{\"@type\":\"SearchAction\",\"target\":{\"@type\":\"EntryPoint\",\"urlTemplate\":\"https:\\\/\\\/viljestendesign.se\\\/?s={search_term_string}\"},\"query-input\":{\"@type\":\"PropertyValueSpecification\",\"valueRequired\":true,\"valueName\":\"search_term_string\"}}],\"inLanguage\":\"sv-SE\"},{\"@type\":\"Organization\",\"@id\":\"https:\\\/\\\/viljestendesign.se\\\/#organization\",\"name\":\"Viljestendesign\",\"url\":\"https:\\\/\\\/viljestendesign.se\\\/\",\"logo\":{\"@type\":\"ImageObject\",\"inLanguage\":\"sv-SE\",\"@id\":\"https:\\\/\\\/viljestendesign.se\\\/#\\\/schema\\\/logo\\\/image\\\/\",\"url\":\"https:\\\/\\\/viljestendesign.se\\\/wp-content\\\/uploads\\\/2025\\\/02\\\/Viljesten-500-x-200-px-1.png\",\"contentUrl\":\"https:\\\/\\\/viljestendesign.se\\\/wp-content\\\/uploads\\\/2025\\\/02\\\/Viljesten-500-x-200-px-1.png\",\"width\":500,\"height\":200,\"caption\":\"Viljestendesign\"},\"image\":{\"@id\":\"https:\\\/\\\/viljestendesign.se\\\/#\\\/schema\\\/logo\\\/image\\\/\"},\"sameAs\":[\"https:\\\/\\\/www.facebook.com\\\/lilleliana.viljesten\\\/\",\"https:\\\/\\\/www.instagram.com\\\/viljesten\\\/\"]}]}<\/script>\n<!-- \/ Yoast SEO plugin. -->","yoast_head_json":{"title":"Terms and Conditions - Viljestendesign","description":"Dessa villkor g\u00e4ller n\u00e4r du k\u00f6per onlinekurser eller produkter fr\u00e5n Viljesten Design via v\u00e5r webbplats https:\/\/viljestendesign.se.","robots":{"index":"index","follow":"follow","max-snippet":"max-snippet:-1","max-image-preview":"max-image-preview:large","max-video-preview":"max-video-preview:-1"},"canonical":"https:\/\/viljestendesign.se\/sv\/terms-and-conditions\/","og_locale":"sv_SE","og_type":"article","og_title":"Terms and Conditions - Viljestendesign","og_description":"Dessa villkor g\u00e4ller n\u00e4r du k\u00f6per onlinekurser eller produkter fr\u00e5n Viljesten Design via v\u00e5r webbplats https:\/\/viljestendesign.se.","og_url":"https:\/\/viljestendesign.se\/sv\/terms-and-conditions\/","og_site_name":"Viljestendesign","article_publisher":"https:\/\/www.facebook.com\/lilleliana.viljesten\/","article_modified_time":"2025-06-11T16:44:35+00:00","twitter_card":"summary_large_image","twitter_misc":{"Ber\u00e4knad l\u00e4stid":"1 minut"},"schema":{"@context":"https:\/\/schema.org","@graph":[{"@type":"WebPage","@id":"https:\/\/viljestendesign.se\/terms-and-conditions\/","url":"https:\/\/viljestendesign.se\/terms-and-conditions\/","name":"Terms and Conditions - Viljestendesign","isPartOf":{"@id":"https:\/\/viljestendesign.se\/#website"},"datePublished":"2025-05-31T10:11:54+00:00","dateModified":"2025-06-11T16:44:35+00:00","description":"Dessa villkor g\u00e4ller n\u00e4r du k\u00f6per onlinekurser eller produkter fr\u00e5n Viljesten Design via v\u00e5r webbplats https:\/\/viljestendesign.se.","breadcrumb":{"@id":"https:\/\/viljestendesign.se\/terms-and-conditions\/#breadcrumb"},"inLanguage":"sv-SE","potentialAction":[{"@type":"ReadAction","target":["https:\/\/viljestendesign.se\/terms-and-conditions\/"]}]},{"@type":"BreadcrumbList","@id":"https:\/\/viljestendesign.se\/terms-and-conditions\/#breadcrumb","itemListElement":[{"@type":"ListItem","position":1,"name":"Home","item":"https:\/\/viljestendesign.se\/"},{"@type":"ListItem","position":2,"name":"Terms and Conditions"}]},{"@type":"WebSite","@id":"https:\/\/viljestendesign.se\/#website","url":"https:\/\/viljestendesign.se\/","name":"Viljestendesign","description":"","publisher":{"@id":"https:\/\/viljestendesign.se\/#organization"},"potentialAction":[{"@type":"SearchAction","target":{"@type":"EntryPoint","urlTemplate":"https:\/\/viljestendesign.se\/?s={search_term_string}"},"query-input":{"@type":"PropertyValueSpecification","valueRequired":true,"valueName":"search_term_string"}}],"inLanguage":"sv-SE"},{"@type":"Organization","@id":"https:\/\/viljestendesign.se\/#organization","name":"Viljestendesign","url":"https:\/\/viljestendesign.se\/","logo":{"@type":"ImageObject","inLanguage":"sv-SE","@id":"https:\/\/viljestendesign.se\/#\/schema\/logo\/image\/","url":"https:\/\/viljestendesign.se\/wp-content\/uploads\/2025\/02\/Viljesten-500-x-200-px-1.png","contentUrl":"https:\/\/viljestendesign.se\/wp-content\/uploads\/2025\/02\/Viljesten-500-x-200-px-1.png","width":500,"height":200,"caption":"Viljestendesign"},"image":{"@id":"https:\/\/viljestendesign.se\/#\/schema\/logo\/image\/"},"sameAs":["https:\/\/www.facebook.com\/lilleliana.viljesten\/","https:\/\/www.instagram.com\/viljesten\/"]}]}},"_links":{"self":[{"href":"https:\/\/viljestendesign.se\/sv\/wp-json\/wp\/v2\/pages\/199","targetHints":{"allow":["GET"]}}],"collection":[{"href":"https:\/\/viljestendesign.se\/sv\/wp-json\/wp\/v2\/pages"}],"about":[{"href":"https:\/\/viljestendesign.se\/sv\/wp-json\/wp\/v2\/types\/page"}],"author":[{"embeddable":true,"href":"https:\/\/viljestendesign.se\/sv\/wp-json\/wp\/v2\/users\/1"}],"replies":[{"embeddable":true,"href":"https:\/\/viljestendesign.se\/sv\/wp-json\/wp\/v2\/comments?post=199"}],"version-history":[{"count":4,"href":"https:\/\/viljestendesign.se\/sv\/wp-json\/wp\/v2\/pages\/199\/revisions"}],"predecessor-version":[{"id":2229,"href":"https:\/\/viljestendesign.se\/sv\/wp-json\/wp\/v2\/pages\/199\/revisions\/2229"}],"wp:attachment":[{"href":"https:\/\/viljestendesign.se\/sv\/wp-json\/wp\/v2\/media?parent=199"}],"curies":[{"name":"wp","href":"https:\/\/api.w.org\/{rel}","templated":true}]}}