{"id":361,"date":"2025-05-03T12:18:35","date_gmt":"2025-05-03T12:18:35","guid":{"rendered":"https:\/\/viljestendesign.se\/?page_id=361"},"modified":"2025-06-11T16:32:38","modified_gmt":"2025-06-11T16:32:38","slug":"min-kreativa-resa-lill-viljesten","status":"publish","type":"page","link":"https:\/\/viljestendesign.se\/sv\/min-kreativa-resa-lill-viljesten\/","title":{"rendered":"Min Kreativa Resa \u2013 Lill Viljesten"},"content":{"rendered":"<div data-elementor-type=\"wp-page\" data-elementor-id=\"361\" class=\"elementor elementor-361\" data-elementor-post-type=\"page\">\n\t\t\t\t<div class=\"elementor-element elementor-element-dc827dc e-con-full e-flex e-con e-parent\" data-id=\"dc827dc\" data-element_type=\"container\" data-settings=\"{&quot;background_background&quot;:&quot;slideshow&quot;,&quot;background_slideshow_gallery&quot;:[{&quot;id&quot;:38,&quot;url&quot;:&quot;https:\\\/\\\/viljestendesign.se\\\/wp-content\\\/uploads\\\/2025\\\/02\\\/pexels-chuck-2974110-scaled.jpg&quot;},{&quot;id&quot;:35,&quot;url&quot;:&quot;https:\\\/\\\/viljestendesign.se\\\/wp-content\\\/uploads\\\/2025\\\/02\\\/pexels-enginakyurt-1482180-scaled.jpg&quot;},{&quot;id&quot;:36,&quot;url&quot;:&quot;https:\\\/\\\/viljestendesign.se\\\/wp-content\\\/uploads\\\/2025\\\/02\\\/pexels-pixabay-531759-scaled.jpg&quot;},{&quot;id&quot;:39,&quot;url&quot;:&quot;https:\\\/\\\/viljestendesign.se\\\/wp-content\\\/uploads\\\/2025\\\/02\\\/pexels-alex-andrews-271121-821735-1-scaled.jpg&quot;}],&quot;background_slideshow_lazyload&quot;:&quot;yes&quot;,&quot;background_slideshow_ken_burns&quot;:&quot;yes&quot;,&quot;background_slideshow_loop&quot;:&quot;yes&quot;,&quot;background_slideshow_slide_duration&quot;:5000,&quot;background_slideshow_slide_transition&quot;:&quot;fade&quot;,&quot;background_slideshow_transition_duration&quot;:500,&quot;background_slideshow_ken_burns_zoom_direction&quot;:&quot;in&quot;}\">\n\t\t<div class=\"elementor-element elementor-element-2b171c4 e-con-full e-flex e-con e-child\" data-id=\"2b171c4\" data-element_type=\"container\" data-settings=\"{&quot;background_background&quot;:&quot;classic&quot;}\">\n\t\t<div class=\"elementor-element elementor-element-c8b7927 e-con-full e-flex e-con e-child\" data-id=\"c8b7927\" data-element_type=\"container\" data-settings=\"{&quot;background_background&quot;:&quot;classic&quot;}\">\n\t\t\t\t<\/div>\n\t\t\t\t<\/div>\n\t\t\t\t<\/div>\n\t\t<div class=\"elementor-element elementor-element-b328e6e e-flex e-con-boxed e-con e-parent\" data-id=\"b328e6e\" data-element_type=\"container\" data-settings=\"{&quot;background_background&quot;:&quot;classic&quot;}\">\n\t\t\t\t\t<div class=\"e-con-inner\">\n\t\t<div class=\"elementor-element elementor-element-68a78ab e-con-full e-flex e-con e-child\" data-id=\"68a78ab\" data-element_type=\"container\">\n\t\t<div class=\"elementor-element elementor-element-9675f19 e-con-full e-flex e-con e-child\" data-id=\"9675f19\" data-element_type=\"container\" data-settings=\"{&quot;background_background&quot;:&quot;classic&quot;}\">\n\t\t\t\t<div class=\"elementor-element elementor-element-89dbda3 elementor-invisible elementor-widget elementor-widget-heading\" data-id=\"89dbda3\" data-element_type=\"widget\" data-settings=\"{&quot;_animation&quot;:&quot;fadeInDown&quot;}\" data-widget_type=\"heading.default\">\n\t\t\t\t<div class=\"elementor-widget-container\">\n\t\t\t\t\t<h2 class=\"elementor-heading-title elementor-size-default\">Lill Eliana Viljesten<\/h2>\t\t\t\t<\/div>\n\t\t\t\t<\/div>\n\t\t\t\t<div class=\"elementor-element elementor-element-cf03988 elementor-widget elementor-widget-heading\" data-id=\"cf03988\" data-element_type=\"widget\" data-widget_type=\"heading.default\">\n\t\t\t\t<div class=\"elementor-widget-container\">\n\t\t\t\t\t<h4 class=\"elementor-heading-title elementor-size-default\">Jag har ett l\u00e5ngt yrkesliv bakom mig. Fortfarande \u00e4r jag aktiv i flera konstn\u00e4rliga uttryck. Yrkesvalet jag en g\u00e5ng tog har enbart gett mig gl\u00e4dje och kan fortfarande tappa tid och rum n\u00e4r jag befinner mig i den kreativa processen.\nNu vill jag g\u00e4rna f\u00f6ra vidare all den kunskap jag samlat p\u00e5 mig. Genom mina kurser i b\u00e5de m\u00f6nsterkonstruktion och s\u00f6mnad. Niv\u00e5n p\u00e5 kurserna kommer ligga p\u00e5 b\u00e5de en l\u00e4ttare sv\u00e5righetsgrad och en mer avancerad.\nVarje kurs kommer jag visa p\u00e5\nPowerPoint Presentationer. Med min pedagogik kommer jag steg f\u00f6r steg med pilar p\u00e5 bilderna visa hur du ska g\u00e5 till v\u00e4ga. Jag kommer vara tydlig och ber\u00e4tta hur du ska g\u00f6ra alla utr\u00e4kningar som beh\u00f6vs f\u00f6r att konstruera m\u00f6nster. Samma g\u00e4ller s\u00f6mnaden, ocks\u00e5 d\u00e4r kommer jag visa varje steg hur du ska sy med pilar p\u00e5 bilderna som jag tar under syprocessen.\nJag svarar g\u00e4rna p\u00e5 fr\u00e5gor som du kan st\u00e4lla genom mailen.     \n   <\/h4>\t\t\t\t<\/div>\n\t\t\t\t<\/div>\n\t\t\t\t<div class=\"elementor-element elementor-element-dae1c0c elementor-widget elementor-widget-button\" data-id=\"dae1c0c\" data-element_type=\"widget\" data-widget_type=\"button.default\">\n\t\t\t\t<div class=\"elementor-widget-container\">\n\t\t\t\t\t\t\t\t\t<div class=\"elementor-button-wrapper\">\n\t\t\t\t\t<a class=\"elementor-button elementor-button-link elementor-size-sm\" href=\"https:\/\/viljestendesign.se\/sv\/kontakt\/\">\n\t\t\t\t\t\t<span class=\"elementor-button-content-wrapper\">\n\t\t\t\t\t\t\t\t\t<span class=\"elementor-button-text\">Kontakta Oss<\/span>\n\t\t\t\t\t<\/span>\n\t\t\t\t\t<\/a>\n\t\t\t\t<\/div>\n\t\t\t\t\t\t\t\t<\/div>\n\t\t\t\t<\/div>\n\t\t\t\t<\/div>\n\t\t\t\t<\/div>\n\t\t<div class=\"elementor-element elementor-element-1adb358 e-con-full e-flex e-con e-child\" data-id=\"1adb358\" data-element_type=\"container\">\n\t\t\t\t<div class=\"elementor-element elementor-element-538765f elementor-invisible elementor-widget elementor-widget-image\" data-id=\"538765f\" data-element_type=\"widget\" data-settings=\"{&quot;_animation&quot;:&quot;slideInRight&quot;,&quot;motion_fx_motion_fx_scrolling&quot;:&quot;yes&quot;,&quot;motion_fx_translateY_effect&quot;:&quot;yes&quot;,&quot;motion_fx_translateY_speed&quot;:{&quot;unit&quot;:&quot;px&quot;,&quot;size&quot;:5,&quot;sizes&quot;:[]},&quot;motion_fx_translateY_affectedRange&quot;:{&quot;unit&quot;:&quot;%&quot;,&quot;size&quot;:&quot;&quot;,&quot;sizes&quot;:{&quot;start&quot;:0,&quot;end&quot;:100}},&quot;motion_fx_devices&quot;:[&quot;desktop&quot;,&quot;tablet&quot;,&quot;mobile&quot;]}\" data-widget_type=\"image.default\">\n\t\t\t\t<div class=\"elementor-widget-container\">\n\t\t\t\t\t\t\t\t\t\t\t\t\t\t\t<img fetchpriority=\"high\" decoding=\"async\" width=\"533\" height=\"709\" src=\"https:\/\/viljestendesign.se\/wp-content\/uploads\/2025\/02\/234.jpg\" class=\"attachment-large size-large wp-image-41\" alt=\"\" srcset=\"https:\/\/viljestendesign.se\/wp-content\/uploads\/2025\/02\/234.jpg 533w, https:\/\/viljestendesign.se\/wp-content\/uploads\/2025\/02\/234-226x300.jpg 226w, https:\/\/viljestendesign.se\/wp-content\/uploads\/2025\/02\/234-480x638.jpg 480w\" sizes=\"(max-width: 533px) 100vw, 533px\" \/>\t\t\t\t\t\t\t\t\t\t\t\t\t\t\t<\/div>\n\t\t\t\t<\/div>\n\t\t\t\t<\/div>\n\t\t\t\t\t<\/div>\n\t\t\t\t<\/div>\n\t\t\t\t<\/div>","protected":false},"excerpt":{"rendered":"<p>Lill Eliana Viljesten Jag har ett l\u00e5ngt yrkesliv bakom mig. Fortfarande \u00e4r jag aktiv i flera konstn\u00e4rliga uttryck. Yrkesvalet jag [&hellip;]<\/p>","protected":false},"author":1,"featured_media":0,"parent":0,"menu_order":0,"comment_status":"closed","ping_status":"closed","template":"elementor_header_footer","meta":{"site-sidebar-layout":"default","site-content-layout":"","ast-site-content-layout":"","site-content-style":"default","site-sidebar-style":"default","ast-global-header-display":"","ast-banner-title-visibility":"","ast-main-header-display":"","ast-hfb-above-header-display":"","ast-hfb-below-header-display":"","ast-hfb-mobile-header-display":"","site-post-title":"","ast-breadcrumbs-content":"","ast-featured-img":"","footer-sml-layout":"","theme-transparent-header-meta":"","adv-header-id-meta":"","stick-header-meta":"","header-above-stick-meta":"","header-main-stick-meta":"","header-below-stick-meta":"","astra-migrate-meta-layouts":"default","ast-page-background-enabled":"default","ast-page-background-meta":{"desktop":{"background-color":"var(--ast-global-color-5)","background-image":"","background-repeat":"repeat","background-position":"center center","background-size":"auto","background-attachment":"scroll","background-type":"","background-media":"","overlay-type":"","overlay-color":"","overlay-opacity":"","overlay-gradient":""},"tablet":{"background-color":"","background-image":"","background-repeat":"repeat","background-position":"center center","background-size":"auto","background-attachment":"scroll","background-type":"","background-media":"","overlay-type":"","overlay-color":"","overlay-opacity":"","overlay-gradient":""},"mobile":{"background-color":"","background-image":"","background-repeat":"repeat","background-position":"center center","background-size":"auto","background-attachment":"scroll","background-type":"","background-media":"","overlay-type":"","overlay-color":"","overlay-opacity":"","overlay-gradient":""}},"ast-content-background-meta":{"desktop":{"background-color":"var(--ast-global-color-4)","background-image":"","background-repeat":"repeat","background-position":"center center","background-size":"auto","background-attachment":"scroll","background-type":"","background-media":"","overlay-type":"","overlay-color":"","overlay-opacity":"","overlay-gradient":""},"tablet":{"background-color":"var(--ast-global-color-4)","background-image":"","background-repeat":"repeat","background-position":"center center","background-size":"auto","background-attachment":"scroll","background-type":"","background-media":"","overlay-type":"","overlay-color":"","overlay-opacity":"","overlay-gradient":""},"mobile":{"background-color":"var(--ast-global-color-4)","background-image":"","background-repeat":"repeat","background-position":"center center","background-size":"auto","background-attachment":"scroll","background-type":"","background-media":"","overlay-type":"","overlay-color":"","overlay-opacity":"","overlay-gradient":""}},"footnotes":""},"class_list":["post-361","page","type-page","status-publish","hentry"],"yoast_head":"<!-- This site is optimized with the Yoast SEO plugin v25.5 - https:\/\/yoast.com\/wordpress\/plugins\/seo\/ -->\n<title>Min Kreativa Resa \u2013 Lill Viljesten - Viljestendesign<\/title>\n<meta name=\"description\" content=\"Lill Eliana Viljesten. Jag har ett l\u00e5ngt yrkesliv bakom mig. Nu vill jag g\u00e4rna f\u00f6ra vidare all den kunskap jag samlat p\u00e5 mig.\" \/>\n<meta name=\"robots\" content=\"index, follow, max-snippet:-1, max-image-preview:large, max-video-preview:-1\" \/>\n<link rel=\"canonical\" href=\"https:\/\/viljestendesign.se\/sv\/min-kreativa-resa-lill-viljesten\/\" \/>\n<meta property=\"og:locale\" content=\"sv_SE\" \/>\n<meta property=\"og:type\" content=\"article\" \/>\n<meta property=\"og:title\" content=\"Min Kreativa Resa \u2013 Lill Viljesten - Viljestendesign\" \/>\n<meta property=\"og:description\" content=\"Lill Eliana Viljesten. Jag har ett l\u00e5ngt yrkesliv bakom mig. Nu vill jag g\u00e4rna f\u00f6ra vidare all den kunskap jag samlat p\u00e5 mig.\" \/>\n<meta property=\"og:url\" content=\"https:\/\/viljestendesign.se\/sv\/min-kreativa-resa-lill-viljesten\/\" \/>\n<meta property=\"og:site_name\" content=\"Viljestendesign\" \/>\n<meta property=\"article:publisher\" content=\"https:\/\/www.facebook.com\/lilleliana.viljesten\/\" \/>\n<meta property=\"article:modified_time\" content=\"2025-06-11T16:32:38+00:00\" \/>\n<meta property=\"og:image\" content=\"https:\/\/viljestendesign.se\/wp-content\/uploads\/2025\/02\/234.jpg\" \/>\n<meta name=\"twitter:card\" content=\"summary_large_image\" \/>\n<meta name=\"twitter:label1\" content=\"Ber\u00e4knad l\u00e4stid\" \/>\n\t<meta name=\"twitter:data1\" content=\"1 minut\" \/>\n<script type=\"application\/ld+json\" class=\"yoast-schema-graph\">{\"@context\":\"https:\/\/schema.org\",\"@graph\":[{\"@type\":\"WebPage\",\"@id\":\"https:\/\/viljestendesign.se\/min-kreativa-resa-lill-viljesten\/\",\"url\":\"https:\/\/viljestendesign.se\/min-kreativa-resa-lill-viljesten\/\",\"name\":\"Min Kreativa Resa \u2013 Lill Viljesten - Viljestendesign\",\"isPartOf\":{\"@id\":\"https:\/\/viljestendesign.se\/#website\"},\"primaryImageOfPage\":{\"@id\":\"https:\/\/viljestendesign.se\/min-kreativa-resa-lill-viljesten\/#primaryimage\"},\"image\":{\"@id\":\"https:\/\/viljestendesign.se\/min-kreativa-resa-lill-viljesten\/#primaryimage\"},\"thumbnailUrl\":\"https:\/\/viljestendesign.se\/wp-content\/uploads\/2025\/02\/234.jpg\",\"datePublished\":\"2025-05-03T12:18:35+00:00\",\"dateModified\":\"2025-06-11T16:32:38+00:00\",\"description\":\"Lill Eliana Viljesten. Jag har ett l\u00e5ngt yrkesliv bakom mig. Nu vill jag g\u00e4rna f\u00f6ra vidare all den kunskap jag samlat p\u00e5 mig.\",\"breadcrumb\":{\"@id\":\"https:\/\/viljestendesign.se\/min-kreativa-resa-lill-viljesten\/#breadcrumb\"},\"inLanguage\":\"sv-SE\",\"potentialAction\":[{\"@type\":\"ReadAction\",\"target\":[\"https:\/\/viljestendesign.se\/min-kreativa-resa-lill-viljesten\/\"]}]},{\"@type\":\"ImageObject\",\"inLanguage\":\"sv-SE\",\"@id\":\"https:\/\/viljestendesign.se\/min-kreativa-resa-lill-viljesten\/#primaryimage\",\"url\":\"https:\/\/viljestendesign.se\/wp-content\/uploads\/2025\/02\/234.jpg\",\"contentUrl\":\"https:\/\/viljestendesign.se\/wp-content\/uploads\/2025\/02\/234.jpg\"},{\"@type\":\"BreadcrumbList\",\"@id\":\"https:\/\/viljestendesign.se\/min-kreativa-resa-lill-viljesten\/#breadcrumb\",\"itemListElement\":[{\"@type\":\"ListItem\",\"position\":1,\"name\":\"Home\",\"item\":\"https:\/\/viljestendesign.se\/\"},{\"@type\":\"ListItem\",\"position\":2,\"name\":\"Min Kreativa Resa \u2013 Lill Viljesten\"}]},{\"@type\":\"WebSite\",\"@id\":\"https:\/\/viljestendesign.se\/#website\",\"url\":\"https:\/\/viljestendesign.se\/\",\"name\":\"Viljestendesign\",\"description\":\"\",\"publisher\":{\"@id\":\"https:\/\/viljestendesign.se\/#organization\"},\"potentialAction\":[{\"@type\":\"SearchAction\",\"target\":{\"@type\":\"EntryPoint\",\"urlTemplate\":\"https:\/\/viljestendesign.se\/?s={search_term_string}\"},\"query-input\":{\"@type\":\"PropertyValueSpecification\",\"valueRequired\":true,\"valueName\":\"search_term_string\"}}],\"inLanguage\":\"sv-SE\"},{\"@type\":\"Organization\",\"@id\":\"https:\/\/viljestendesign.se\/#organization\",\"name\":\"Viljestendesign\",\"url\":\"https:\/\/viljestendesign.se\/\",\"logo\":{\"@type\":\"ImageObject\",\"inLanguage\":\"sv-SE\",\"@id\":\"https:\/\/viljestendesign.se\/#\/schema\/logo\/image\/\",\"url\":\"https:\/\/viljestendesign.se\/wp-content\/uploads\/2025\/02\/Viljesten-500-x-200-px-1.png\",\"contentUrl\":\"https:\/\/viljestendesign.se\/wp-content\/uploads\/2025\/02\/Viljesten-500-x-200-px-1.png\",\"width\":500,\"height\":200,\"caption\":\"Viljestendesign\"},\"image\":{\"@id\":\"https:\/\/viljestendesign.se\/#\/schema\/logo\/image\/\"},\"sameAs\":[\"https:\/\/www.facebook.com\/lilleliana.viljesten\/\",\"https:\/\/www.instagram.com\/viljesten\/\"]}]}<\/script>\n<!-- \/ Yoast SEO plugin. -->","yoast_head_json":{"title":"Min Kreativa Resa \u2013 Lill Viljesten - Viljestendesign","description":"Lill Eliana Viljesten. Jag har ett l\u00e5ngt yrkesliv bakom mig. Nu vill jag g\u00e4rna f\u00f6ra vidare all den kunskap jag samlat p\u00e5 mig.","robots":{"index":"index","follow":"follow","max-snippet":"max-snippet:-1","max-image-preview":"max-image-preview:large","max-video-preview":"max-video-preview:-1"},"canonical":"https:\/\/viljestendesign.se\/sv\/min-kreativa-resa-lill-viljesten\/","og_locale":"sv_SE","og_type":"article","og_title":"Min Kreativa Resa \u2013 Lill Viljesten - Viljestendesign","og_description":"Lill Eliana Viljesten. Jag har ett l\u00e5ngt yrkesliv bakom mig. Nu vill jag g\u00e4rna f\u00f6ra vidare all den kunskap jag samlat p\u00e5 mig.","og_url":"https:\/\/viljestendesign.se\/sv\/min-kreativa-resa-lill-viljesten\/","og_site_name":"Viljestendesign","article_publisher":"https:\/\/www.facebook.com\/lilleliana.viljesten\/","article_modified_time":"2025-06-11T16:32:38+00:00","og_image":[{"url":"https:\/\/viljestendesign.se\/wp-content\/uploads\/2025\/02\/234.jpg","type":"","width":"","height":""}],"twitter_card":"summary_large_image","twitter_misc":{"Ber\u00e4knad l\u00e4stid":"1 minut"},"schema":{"@context":"https:\/\/schema.org","@graph":[{"@type":"WebPage","@id":"https:\/\/viljestendesign.se\/min-kreativa-resa-lill-viljesten\/","url":"https:\/\/viljestendesign.se\/min-kreativa-resa-lill-viljesten\/","name":"Min Kreativa Resa \u2013 Lill Viljesten - Viljestendesign","isPartOf":{"@id":"https:\/\/viljestendesign.se\/#website"},"primaryImageOfPage":{"@id":"https:\/\/viljestendesign.se\/min-kreativa-resa-lill-viljesten\/#primaryimage"},"image":{"@id":"https:\/\/viljestendesign.se\/min-kreativa-resa-lill-viljesten\/#primaryimage"},"thumbnailUrl":"https:\/\/viljestendesign.se\/wp-content\/uploads\/2025\/02\/234.jpg","datePublished":"2025-05-03T12:18:35+00:00","dateModified":"2025-06-11T16:32:38+00:00","description":"Lill Eliana Viljesten. Jag har ett l\u00e5ngt yrkesliv bakom mig. Nu vill jag g\u00e4rna f\u00f6ra vidare all den kunskap jag samlat p\u00e5 mig.","breadcrumb":{"@id":"https:\/\/viljestendesign.se\/min-kreativa-resa-lill-viljesten\/#breadcrumb"},"inLanguage":"sv-SE","potentialAction":[{"@type":"ReadAction","target":["https:\/\/viljestendesign.se\/min-kreativa-resa-lill-viljesten\/"]}]},{"@type":"ImageObject","inLanguage":"sv-SE","@id":"https:\/\/viljestendesign.se\/min-kreativa-resa-lill-viljesten\/#primaryimage","url":"https:\/\/viljestendesign.se\/wp-content\/uploads\/2025\/02\/234.jpg","contentUrl":"https:\/\/viljestendesign.se\/wp-content\/uploads\/2025\/02\/234.jpg"},{"@type":"BreadcrumbList","@id":"https:\/\/viljestendesign.se\/min-kreativa-resa-lill-viljesten\/#breadcrumb","itemListElement":[{"@type":"ListItem","position":1,"name":"Home","item":"https:\/\/viljestendesign.se\/"},{"@type":"ListItem","position":2,"name":"Min Kreativa Resa \u2013 Lill Viljesten"}]},{"@type":"WebSite","@id":"https:\/\/viljestendesign.se\/#website","url":"https:\/\/viljestendesign.se\/","name":"Viljestendesign","description":"","publisher":{"@id":"https:\/\/viljestendesign.se\/#organization"},"potentialAction":[{"@type":"SearchAction","target":{"@type":"EntryPoint","urlTemplate":"https:\/\/viljestendesign.se\/?s={search_term_string}"},"query-input":{"@type":"PropertyValueSpecification","valueRequired":true,"valueName":"search_term_string"}}],"inLanguage":"sv-SE"},{"@type":"Organization","@id":"https:\/\/viljestendesign.se\/#organization","name":"Viljestendesign","url":"https:\/\/viljestendesign.se\/","logo":{"@type":"ImageObject","inLanguage":"sv-SE","@id":"https:\/\/viljestendesign.se\/#\/schema\/logo\/image\/","url":"https:\/\/viljestendesign.se\/wp-content\/uploads\/2025\/02\/Viljesten-500-x-200-px-1.png","contentUrl":"https:\/\/viljestendesign.se\/wp-content\/uploads\/2025\/02\/Viljesten-500-x-200-px-1.png","width":500,"height":200,"caption":"Viljestendesign"},"image":{"@id":"https:\/\/viljestendesign.se\/#\/schema\/logo\/image\/"},"sameAs":["https:\/\/www.facebook.com\/lilleliana.viljesten\/","https:\/\/www.instagram.com\/viljesten\/"]}]}},"_links":{"self":[{"href":"https:\/\/viljestendesign.se\/sv\/wp-json\/wp\/v2\/pages\/361","targetHints":{"allow":["GET"]}}],"collection":[{"href":"https:\/\/viljestendesign.se\/sv\/wp-json\/wp\/v2\/pages"}],"about":[{"href":"https:\/\/viljestendesign.se\/sv\/wp-json\/wp\/v2\/types\/page"}],"author":[{"embeddable":true,"href":"https:\/\/viljestendesign.se\/sv\/wp-json\/wp\/v2\/users\/1"}],"replies":[{"embeddable":true,"href":"https:\/\/viljestendesign.se\/sv\/wp-json\/wp\/v2\/comments?post=361"}],"version-history":[{"count":220,"href":"https:\/\/viljestendesign.se\/sv\/wp-json\/wp\/v2\/pages\/361\/revisions"}],"predecessor-version":[{"id":2639,"href":"https:\/\/viljestendesign.se\/sv\/wp-json\/wp\/v2\/pages\/361\/revisions\/2639"}],"wp:attachment":[{"href":"https:\/\/viljestendesign.se\/sv\/wp-json\/wp\/v2\/media?parent=361"}],"curies":[{"name":"wp","href":"https:\/\/api.w.org\/{rel}","templated":true}]}}