{"id":444,"date":"2025-05-04T05:47:07","date_gmt":"2025-05-04T05:47:07","guid":{"rendered":"https:\/\/viljestendesign.se\/?post_type=product&#038;p=444"},"modified":"2025-06-13T08:39:24","modified_gmt":"2025-06-13T08:39:24","slug":"grundkurs-i-monsterkonstruktion","status":"publish","type":"product","link":"https:\/\/viljestendesign.se\/sv\/produkt\/grundkurs-i-monsterkonstruktion\/","title":{"rendered":"Grundkurs i m\u00f6nsterkonstruktion"},"content":{"rendered":"<p>Den som v\u00e4lkomnar dig, \u00e4r jag Lill Viljesten som ocks\u00e5 nu talar till dig. Jag \u00e4r v\u00e4ldigt glad \u00f6ver att du hittat fram till min hemsida.<\/p>\n<p>I kursen f\u00f6r m\u00f6nsterkonstruktion kommer jag med min pedagogik l\u00e4ra dig att konstruera grunderna som ocks\u00e5 \u00e4r basen och n\u00f6dv\u00e4ndig f\u00f6r all formgivning och kl\u00e4dskapande.<\/p>\n<p>Alla mina kurser \u00e4r gjorda i PowerPoint-presentationer d\u00e4r jag steg f\u00f6r steg visar dig hur man konstruerar grundm\u00f6nster. Jag kommer vara tydlig och f\u00f6rklara hur du g\u00f6r alla utr\u00e4kningar som m\u00e5ste g\u00f6ras f\u00f6r att f\u00e5 fram konstruktionsm\u00e5tten.<\/p>\n<p>I den h\u00e4r kursen f\u00e5r du l\u00e4ra dig konstruera liv, kjol, \u00e4rmar och byxor, efter dina egna m\u00e5tt. Jag visar hur du tillverkar mallar i kartong som du sedan anv\u00e4nder n\u00e4r du ska skapa dina egna designade modeller.<\/p>","protected":false},"excerpt":{"rendered":"<p>Den som v\u00e4lkomnar dig, \u00e4r jag Lill Viljesten som ocks\u00e5 nu talar till dig. Jag \u00e4r v\u00e4ldigt glad \u00f6ver att [&hellip;]<\/p>","protected":false},"featured_media":2428,"comment_status":"open","ping_status":"closed","template":"","meta":{"site-sidebar-layout":"default","site-content-layout":"","ast-site-content-layout":"","site-content-style":"default","site-sidebar-style":"default","ast-global-header-display":"","ast-banner-title-visibility":"","ast-main-header-display":"","ast-hfb-above-header-display":"","ast-hfb-below-header-display":"","ast-hfb-mobile-header-display":"","site-post-title":"","ast-breadcrumbs-content":"","ast-featured-img":"","footer-sml-layout":"","theme-transparent-header-meta":"","adv-header-id-meta":"","stick-header-meta":"","header-above-stick-meta":"","header-main-stick-meta":"","header-below-stick-meta":"","astra-migrate-meta-layouts":"default","ast-page-background-enabled":"default","ast-page-background-meta":{"desktop":{"background-color":"var(--ast-global-color-5)","background-image":"","background-repeat":"repeat","background-position":"center center","background-size":"auto","background-attachment":"scroll","background-type":"","background-media":"","overlay-type":"","overlay-color":"","overlay-opacity":"","overlay-gradient":""},"tablet":{"background-color":"","background-image":"","background-repeat":"repeat","background-position":"center center","background-size":"auto","background-attachment":"scroll","background-type":"","background-media":"","overlay-type":"","overlay-color":"","overlay-opacity":"","overlay-gradient":""},"mobile":{"background-color":"","background-image":"","background-repeat":"repeat","background-position":"center center","background-size":"auto","background-attachment":"scroll","background-type":"","background-media":"","overlay-type":"","overlay-color":"","overlay-opacity":"","overlay-gradient":""}},"ast-content-background-meta":{"desktop":{"background-color":"var(--ast-global-color-4)","background-image":"","background-repeat":"repeat","background-position":"center center","background-size":"auto","background-attachment":"scroll","background-type":"","background-media":"","overlay-type":"","overlay-color":"","overlay-opacity":"","overlay-gradient":""},"tablet":{"background-color":"var(--ast-global-color-4)","background-image":"","background-repeat":"repeat","background-position":"center center","background-size":"auto","background-attachment":"scroll","background-type":"","background-media":"","overlay-type":"","overlay-color":"","overlay-opacity":"","overlay-gradient":""},"mobile":{"background-color":"var(--ast-global-color-4)","background-image":"","background-repeat":"repeat","background-position":"center center","background-size":"auto","background-attachment":"scroll","background-type":"","background-media":"","overlay-type":"","overlay-color":"","overlay-opacity":"","overlay-gradient":""}}},"product_brand":[],"product_cat":[35],"product_tag":[],"class_list":{"0":"post-444","1":"product","2":"type-product","3":"status-publish","4":"has-post-thumbnail","6":"product_cat-cloth","7":"desktop-align-left","8":"tablet-align-left","9":"mobile-align-left","11":"first","12":"instock","13":"sale","14":"sold-individually","15":"shipping-taxable","16":"purchasable","17":"product-type-simple"},"yoast_head":"<!-- This site is optimized with the Yoast SEO plugin v25.5 - https:\/\/yoast.com\/wordpress\/plugins\/seo\/ -->\n<title>Grundkurs i m\u00f6nsterkonstruktion - Viljestendesign<\/title>\n<meta name=\"robots\" content=\"index, follow, max-snippet:-1, max-image-preview:large, max-video-preview:-1\" \/>\n<link rel=\"canonical\" href=\"https:\/\/viljestendesign.se\/sv\/produkt\/grundkurs-i-monsterkonstruktion\/\" \/>\n<meta property=\"og:locale\" content=\"sv_SE\" \/>\n<meta property=\"og:type\" content=\"article\" \/>\n<meta property=\"og:title\" content=\"Grundkurs i m\u00f6nsterkonstruktion - Viljestendesign\" \/>\n<meta property=\"og:description\" content=\"Den som v\u00e4lkomnar dig, \u00e4r jag Lill Viljesten som ocks\u00e5 nu talar till dig. Jag \u00e4r v\u00e4ldigt glad \u00f6ver att [&hellip;]\" \/>\n<meta property=\"og:url\" content=\"https:\/\/viljestendesign.se\/sv\/produkt\/grundkurs-i-monsterkonstruktion\/\" \/>\n<meta property=\"og:site_name\" content=\"Viljestendesign\" \/>\n<meta property=\"article:publisher\" content=\"https:\/\/www.facebook.com\/lilleliana.viljesten\/\" \/>\n<meta property=\"article:modified_time\" content=\"2025-06-13T08:39:24+00:00\" \/>\n<meta property=\"og:image\" content=\"https:\/\/viljestendesign.se\/wp-content\/uploads\/2025\/06\/1-Lektion-1-Introduktion-for-kursen-i-monsterkonstruktion-4.jpg\" \/>\n\t<meta property=\"og:image:width\" content=\"1920\" \/>\n\t<meta property=\"og:image:height\" content=\"1080\" \/>\n\t<meta property=\"og:image:type\" content=\"image\/jpeg\" \/>\n<meta name=\"twitter:card\" content=\"summary_large_image\" \/>\n<meta name=\"twitter:label1\" content=\"Ber\u00e4knad l\u00e4stid\" \/>\n\t<meta name=\"twitter:data1\" content=\"1 minut\" \/>\n<script type=\"application\/ld+json\" class=\"yoast-schema-graph\">{\"@context\":\"https:\/\/schema.org\",\"@graph\":[{\"@type\":\"WebPage\",\"@id\":\"https:\/\/viljestendesign.se\/product\/grundkurs-i-monsterkonstruktion\/\",\"url\":\"https:\/\/viljestendesign.se\/product\/grundkurs-i-monsterkonstruktion\/\",\"name\":\"Grundkurs i m\u00f6nsterkonstruktion - Viljestendesign\",\"isPartOf\":{\"@id\":\"https:\/\/viljestendesign.se\/#website\"},\"primaryImageOfPage\":{\"@id\":\"https:\/\/viljestendesign.se\/product\/grundkurs-i-monsterkonstruktion\/#primaryimage\"},\"image\":{\"@id\":\"https:\/\/viljestendesign.se\/product\/grundkurs-i-monsterkonstruktion\/#primaryimage\"},\"thumbnailUrl\":\"https:\/\/viljestendesign.se\/wp-content\/uploads\/2025\/06\/1-Lektion-1-Introduktion-for-kursen-i-monsterkonstruktion-4.jpg\",\"datePublished\":\"2025-05-04T05:47:07+00:00\",\"dateModified\":\"2025-06-13T08:39:24+00:00\",\"breadcrumb\":{\"@id\":\"https:\/\/viljestendesign.se\/product\/grundkurs-i-monsterkonstruktion\/#breadcrumb\"},\"inLanguage\":\"sv-SE\",\"potentialAction\":[{\"@type\":\"ReadAction\",\"target\":[\"https:\/\/viljestendesign.se\/product\/grundkurs-i-monsterkonstruktion\/\"]}]},{\"@type\":\"ImageObject\",\"inLanguage\":\"sv-SE\",\"@id\":\"https:\/\/viljestendesign.se\/product\/grundkurs-i-monsterkonstruktion\/#primaryimage\",\"url\":\"https:\/\/viljestendesign.se\/wp-content\/uploads\/2025\/06\/1-Lektion-1-Introduktion-for-kursen-i-monsterkonstruktion-4.jpg\",\"contentUrl\":\"https:\/\/viljestendesign.se\/wp-content\/uploads\/2025\/06\/1-Lektion-1-Introduktion-for-kursen-i-monsterkonstruktion-4.jpg\",\"width\":1920,\"height\":1080},{\"@type\":\"BreadcrumbList\",\"@id\":\"https:\/\/viljestendesign.se\/product\/grundkurs-i-monsterkonstruktion\/#breadcrumb\",\"itemListElement\":[{\"@type\":\"ListItem\",\"position\":1,\"name\":\"Home\",\"item\":\"https:\/\/viljestendesign.se\/\"},{\"@type\":\"ListItem\",\"position\":2,\"name\":\"Shop\",\"item\":\"https:\/\/viljestendesign.se\/shop\/\"},{\"@type\":\"ListItem\",\"position\":3,\"name\":\"Grundkurs i m\u00f6nsterkonstruktion\"}]},{\"@type\":\"WebSite\",\"@id\":\"https:\/\/viljestendesign.se\/#website\",\"url\":\"https:\/\/viljestendesign.se\/\",\"name\":\"Viljestendesign\",\"description\":\"\",\"publisher\":{\"@id\":\"https:\/\/viljestendesign.se\/#organization\"},\"potentialAction\":[{\"@type\":\"SearchAction\",\"target\":{\"@type\":\"EntryPoint\",\"urlTemplate\":\"https:\/\/viljestendesign.se\/?s={search_term_string}\"},\"query-input\":{\"@type\":\"PropertyValueSpecification\",\"valueRequired\":true,\"valueName\":\"search_term_string\"}}],\"inLanguage\":\"sv-SE\"},{\"@type\":\"Organization\",\"@id\":\"https:\/\/viljestendesign.se\/#organization\",\"name\":\"Viljestendesign\",\"url\":\"https:\/\/viljestendesign.se\/\",\"logo\":{\"@type\":\"ImageObject\",\"inLanguage\":\"sv-SE\",\"@id\":\"https:\/\/viljestendesign.se\/#\/schema\/logo\/image\/\",\"url\":\"https:\/\/viljestendesign.se\/wp-content\/uploads\/2025\/02\/Viljesten-500-x-200-px-1.png\",\"contentUrl\":\"https:\/\/viljestendesign.se\/wp-content\/uploads\/2025\/02\/Viljesten-500-x-200-px-1.png\",\"width\":500,\"height\":200,\"caption\":\"Viljestendesign\"},\"image\":{\"@id\":\"https:\/\/viljestendesign.se\/#\/schema\/logo\/image\/\"},\"sameAs\":[\"https:\/\/www.facebook.com\/lilleliana.viljesten\/\",\"https:\/\/www.instagram.com\/viljesten\/\"]}]}<\/script>\n<!-- \/ Yoast SEO plugin. -->","yoast_head_json":{"title":"Grundkurs i m\u00f6nsterkonstruktion - Viljestendesign","robots":{"index":"index","follow":"follow","max-snippet":"max-snippet:-1","max-image-preview":"max-image-preview:large","max-video-preview":"max-video-preview:-1"},"canonical":"https:\/\/viljestendesign.se\/sv\/produkt\/grundkurs-i-monsterkonstruktion\/","og_locale":"sv_SE","og_type":"article","og_title":"Grundkurs i m\u00f6nsterkonstruktion - Viljestendesign","og_description":"Den som v\u00e4lkomnar dig, \u00e4r jag Lill Viljesten som ocks\u00e5 nu talar till dig. Jag \u00e4r v\u00e4ldigt glad \u00f6ver att [&hellip;]","og_url":"https:\/\/viljestendesign.se\/sv\/produkt\/grundkurs-i-monsterkonstruktion\/","og_site_name":"Viljestendesign","article_publisher":"https:\/\/www.facebook.com\/lilleliana.viljesten\/","article_modified_time":"2025-06-13T08:39:24+00:00","og_image":[{"width":1920,"height":1080,"url":"https:\/\/viljestendesign.se\/wp-content\/uploads\/2025\/06\/1-Lektion-1-Introduktion-for-kursen-i-monsterkonstruktion-4.jpg","type":"image\/jpeg"}],"twitter_card":"summary_large_image","twitter_misc":{"Ber\u00e4knad l\u00e4stid":"1 minut"},"schema":{"@context":"https:\/\/schema.org","@graph":[{"@type":"WebPage","@id":"https:\/\/viljestendesign.se\/product\/grundkurs-i-monsterkonstruktion\/","url":"https:\/\/viljestendesign.se\/product\/grundkurs-i-monsterkonstruktion\/","name":"Grundkurs i m\u00f6nsterkonstruktion - Viljestendesign","isPartOf":{"@id":"https:\/\/viljestendesign.se\/#website"},"primaryImageOfPage":{"@id":"https:\/\/viljestendesign.se\/product\/grundkurs-i-monsterkonstruktion\/#primaryimage"},"image":{"@id":"https:\/\/viljestendesign.se\/product\/grundkurs-i-monsterkonstruktion\/#primaryimage"},"thumbnailUrl":"https:\/\/viljestendesign.se\/wp-content\/uploads\/2025\/06\/1-Lektion-1-Introduktion-for-kursen-i-monsterkonstruktion-4.jpg","datePublished":"2025-05-04T05:47:07+00:00","dateModified":"2025-06-13T08:39:24+00:00","breadcrumb":{"@id":"https:\/\/viljestendesign.se\/product\/grundkurs-i-monsterkonstruktion\/#breadcrumb"},"inLanguage":"sv-SE","potentialAction":[{"@type":"ReadAction","target":["https:\/\/viljestendesign.se\/product\/grundkurs-i-monsterkonstruktion\/"]}]},{"@type":"ImageObject","inLanguage":"sv-SE","@id":"https:\/\/viljestendesign.se\/product\/grundkurs-i-monsterkonstruktion\/#primaryimage","url":"https:\/\/viljestendesign.se\/wp-content\/uploads\/2025\/06\/1-Lektion-1-Introduktion-for-kursen-i-monsterkonstruktion-4.jpg","contentUrl":"https:\/\/viljestendesign.se\/wp-content\/uploads\/2025\/06\/1-Lektion-1-Introduktion-for-kursen-i-monsterkonstruktion-4.jpg","width":1920,"height":1080},{"@type":"BreadcrumbList","@id":"https:\/\/viljestendesign.se\/product\/grundkurs-i-monsterkonstruktion\/#breadcrumb","itemListElement":[{"@type":"ListItem","position":1,"name":"Home","item":"https:\/\/viljestendesign.se\/"},{"@type":"ListItem","position":2,"name":"Shop","item":"https:\/\/viljestendesign.se\/shop\/"},{"@type":"ListItem","position":3,"name":"Grundkurs i m\u00f6nsterkonstruktion"}]},{"@type":"WebSite","@id":"https:\/\/viljestendesign.se\/#website","url":"https:\/\/viljestendesign.se\/","name":"Viljestendesign","description":"","publisher":{"@id":"https:\/\/viljestendesign.se\/#organization"},"potentialAction":[{"@type":"SearchAction","target":{"@type":"EntryPoint","urlTemplate":"https:\/\/viljestendesign.se\/?s={search_term_string}"},"query-input":{"@type":"PropertyValueSpecification","valueRequired":true,"valueName":"search_term_string"}}],"inLanguage":"sv-SE"},{"@type":"Organization","@id":"https:\/\/viljestendesign.se\/#organization","name":"Viljestendesign","url":"https:\/\/viljestendesign.se\/","logo":{"@type":"ImageObject","inLanguage":"sv-SE","@id":"https:\/\/viljestendesign.se\/#\/schema\/logo\/image\/","url":"https:\/\/viljestendesign.se\/wp-content\/uploads\/2025\/02\/Viljesten-500-x-200-px-1.png","contentUrl":"https:\/\/viljestendesign.se\/wp-content\/uploads\/2025\/02\/Viljesten-500-x-200-px-1.png","width":500,"height":200,"caption":"Viljestendesign"},"image":{"@id":"https:\/\/viljestendesign.se\/#\/schema\/logo\/image\/"},"sameAs":["https:\/\/www.facebook.com\/lilleliana.viljesten\/","https:\/\/www.instagram.com\/viljesten\/"]}]}},"_links":{"self":[{"href":"https:\/\/viljestendesign.se\/sv\/wp-json\/wp\/v2\/product\/444","targetHints":{"allow":["GET"]}}],"collection":[{"href":"https:\/\/viljestendesign.se\/sv\/wp-json\/wp\/v2\/product"}],"about":[{"href":"https:\/\/viljestendesign.se\/sv\/wp-json\/wp\/v2\/types\/product"}],"replies":[{"embeddable":true,"href":"https:\/\/viljestendesign.se\/sv\/wp-json\/wp\/v2\/comments?post=444"}],"wp:featuredmedia":[{"embeddable":true,"href":"https:\/\/viljestendesign.se\/sv\/wp-json\/wp\/v2\/media\/2428"}],"wp:attachment":[{"href":"https:\/\/viljestendesign.se\/sv\/wp-json\/wp\/v2\/media?parent=444"}],"wp:term":[{"taxonomy":"product_brand","embeddable":true,"href":"https:\/\/viljestendesign.se\/sv\/wp-json\/wp\/v2\/product_brand?post=444"},{"taxonomy":"product_cat","embeddable":true,"href":"https:\/\/viljestendesign.se\/sv\/wp-json\/wp\/v2\/product_cat?post=444"},{"taxonomy":"product_tag","embeddable":true,"href":"https:\/\/viljestendesign.se\/sv\/wp-json\/wp\/v2\/product_tag?post=444"}],"curies":[{"name":"wp","href":"https:\/\/api.w.org\/{rel}","templated":true}]}}